{"id":5068,"date":"2017-12-05T13:21:54","date_gmt":"2017-12-05T17:21:54","guid":{"rendered":"https:\/\/proactiveoffice.com\/partners\/"},"modified":"2021-04-01T00:29:57","modified_gmt":"2021-04-01T04:29:57","slug":"partners","status":"publish","type":"page","link":"https:\/\/proactiveoffice.com\/en\/partners\/","title":{"rendered":"Partners"},"content":{"rendered":"\n\n  <div class=\"banner has-hover has-parallax\" id=\"banner-275211856\">\n          <div class=\"banner-inner fill\">\n        <div class=\"banner-bg fill\" data-parallax=\"-5\" data-parallax-container=\".banner\" data-parallax-background>\n            <img loading=\"lazy\" decoding=\"async\" width=\"1920\" height=\"1280\" src=\"https:\/\/proactiveoffice.com\/wp-content\/uploads\/2017\/12\/recycle-company-dark-overlay-min.jpg\" class=\"bg attachment-orginal size-orginal\" alt=\"\" \/>                        <div class=\"overlay\"><\/div>            \n                    <\/div>\n\t\t\n        <div class=\"banner-layers container\">\n            <div class=\"fill banner-link\"><\/div>            \n\n   <div id=\"text-box-842324075\" class=\"text-box banner-layer x50 md-x50 lg-x50 y50 md-y50 lg-y50 res-text\">\n                                <div class=\"text-box-content text dark\">\n              \n              <div class=\"text-inner text-center\">\n                  \n\n<h1 class=\"bigmdfh1\">Partners<\/h1>\n<p>ProactiveOffice cuenta con un grupo selecto de empresas consultoras asociadas, que tienen las competencias necesarias para\u00a0realizar implementaciones de nuestra plataforma con un \u00e9xito garantizado.<\/p>\n\n              <\/div>\n           <\/div>\n                            \n<style>\n#text-box-842324075 {\n  width: 60%;\n}\n#text-box-842324075 .text-box-content {\n  font-size: 100%;\n}\n<\/style>\n    <\/div>\n \n\n        <\/div>\n      <\/div>\n\n            \n<style>\n#banner-275211856 {\n  padding-top: 350px;\n}\n#banner-275211856 .overlay {\n  background-color: rgba(0, 0, 0, 0.2);\n}\n#banner-275211856 .banner-bg img {\n  object-position: 50% 28%;\n}\n<\/style>\n  <\/div>\n\n\n\n\t<section class=\"section\" id=\"section_707460987\">\n\t\t<div class=\"section-bg fill\" >\n\t\t\t\t\t\t\t\t\t<div class=\"section-bg-overlay absolute fill\"><\/div>\n\t\t\t\n\n\t\t<\/div>\n\n\t\t\n\n\t\t<div class=\"section-content relative\">\n\t\t\t\n\n<div class=\"row row-large align-middle\"  id=\"row-111941741\">\n\n\n\t<div id=\"col-1897570759\" class=\"col medium-8 small-12 large-8\"  >\n\t\t\t\t<div class=\"col-inner text-left\"  >\n\t\t\t\n\t\t\t\n\n<h2 class=\"uppercase\">PROYECTUM<\/h2>\n<p>Proyectum es una organizaci\u00f3n multinacional, que comparte una vocaci\u00f3n por ayudar a sus clientes a hacer realidad sus estrategias. Son especialistas en Direcci\u00f3n de Proyectos, Innovaci\u00f3n, Agilismo, Gesti\u00f3n del Cambio y otras disciplinas afines y ofrecen Consultor\u00eda, Educaci\u00f3n, Asignaci\u00f3n de Talento a sus clientes y arquitectura de soluciones de negocio<br \/>Actualmente est\u00e1n presentes en M\u00e9xico, Guatemala, Costa Rica, Rep\u00fablica Dominicana, Ecuador y Chile.<\/p>\n\n\t\t<\/div>\n\t\t\t\t\t<\/div>\n\n\t\n\n\t<div id=\"col-1210673789\" class=\"col medium-4 small-12 large-4\"  >\n\t\t\t\t<div class=\"col-inner\"  >\n\t\t\t\n\t\t\t\n\n\t<div class=\"img has-hover x md-x lg-x y md-y lg-y\" id=\"image_133722503\">\n\t\t\t\t\t\t\t\t<div class=\"img-inner dark\" >\n\t\t\t<img loading=\"lazy\" decoding=\"async\" width=\"1\" height=\"1\" src=\"https:\/\/proactiveoffice.com\/wp-content\/uploads\/2021\/04\/Proyectum-logo.svg\" class=\"attachment-large size-large\" alt=\"Proyectum\" \/>\t\t\t\t\t\t\n\t\t\t\t\t<\/div>\n\t\t\t\t\t\t\t\t\n<style>\n#image_133722503 {\n  width: 100%;\n}\n<\/style>\n\t<\/div>\n\t\n\n\n\t\t<\/div>\n\t\t\t\t\t<\/div>\n\n\t\n\n<\/div>\n\n\t\t<\/div>\n\n\t\t\n<style>\n#section_707460987 {\n  padding-top: 30px;\n  padding-bottom: 30px;\n  background-color: rgb(255, 255, 255);\n}\n#section_707460987 .section-bg-overlay {\n  background-color: rgba(255, 255, 255, 0.85);\n}\n<\/style>\n\t<\/section>\n\t\n\n\t<section class=\"section\" id=\"section_41009108\">\n\t\t<div class=\"section-bg fill\" >\n\t\t\t\t\t\t\t\t\t<div class=\"section-bg-overlay absolute fill\"><\/div>\n\t\t\t\n\t<div class=\"is-border\"\n\t\tstyle=\"border-width:1px 0px 1px 0px;\">\n\t<\/div>\n\n\t\t<\/div>\n\n\t\t\n\n\t\t<div class=\"section-content relative\">\n\t\t\t\n\n<div class=\"row row-large align-middle\"  id=\"row-824946613\">\n\n\n\t<div id=\"col-809096738\" class=\"col medium-4 small-12 large-4\"  >\n\t\t\t\t<div class=\"col-inner\"  >\n\t\t\t\n\t\t\t\n\n\t<div class=\"img has-hover x md-x lg-x y md-y lg-y\" id=\"image_677495714\">\n\t\t\t\t\t\t\t\t<div class=\"img-inner dark\" >\n\t\t\t<img loading=\"lazy\" decoding=\"async\" width=\"300\" height=\"135\" src=\"https:\/\/proactiveoffice.com\/wp-content\/uploads\/2021\/04\/cdm-smith-logo.png\" class=\"attachment-large size-large\" alt=\"\" \/>\t\t\t\t\t\t\n\t\t\t\t\t<\/div>\n\t\t\t\t\t\t\t\t\n<style>\n#image_677495714 {\n  width: 100%;\n}\n<\/style>\n\t<\/div>\n\t\n\n\n\t\t<\/div>\n\t\t\t\t\t<\/div>\n\n\t\n\n\t<div id=\"col-316169943\" class=\"col medium-8 small-12 large-8\"  >\n\t\t\t\t<div class=\"col-inner text-left\"  >\n\t\t\t\n\t\t\t\n\n<h2 class=\"uppercase\">CDM-Smith<\/h2>\n<p>Provee soluciones duraderas e integrales en agua, medio ambiente, transporte, energ\u00eda e instalaciones a clientes p\u00fablicos y privados en todo el mundo. Como empresa de ingenier\u00eda y construcci\u00f3n brindan un servicio excepcional a sus clientes, con resultados de calidad y valor duradero a trav\u00e9s de todo el ciclo de vida del proyecto. Se distinguen por su liderazgo y flexibilidad en proyectos de Dise\u00f1o &#8211; Construcci\u00f3n, y otros enfoques alternativos de desarrollo y entrega de proyectos ambientales y de infraestructura.<\/p>\n\n\t\t<\/div>\n\t\t\t\t\t<\/div>\n\n\t\n\n<\/div>\n\n\t\t<\/div>\n\n\t\t\n<style>\n#section_41009108 {\n  padding-top: 30px;\n  padding-bottom: 30px;\n  background-color: rgb(193, 193, 193);\n}\n#section_41009108 .section-bg-overlay {\n  background-color: rgba(255, 255, 255, 0.85);\n}\n<\/style>\n\t<\/section>\n\t\n\n\t<section class=\"section\" id=\"section_1109309960\">\n\t\t<div class=\"section-bg fill\" >\n\t\t\t\t\t\t\t\t\t<div class=\"section-bg-overlay absolute fill\"><\/div>\n\t\t\t\n\n\t\t<\/div>\n\n\t\t\n\n\t\t<div class=\"section-content relative\">\n\t\t\t\n\n<div class=\"row row-large align-middle\"  id=\"row-1952207563\">\n\n\n\t<div id=\"col-320724592\" class=\"col medium-8 small-12 large-8\"  >\n\t\t\t\t<div class=\"col-inner text-left\"  >\n\t\t\t\n\t\t\t\n\n<h2 class=\"uppercase\">PERRY ICA<\/h2>\n<p>Esta empresa de Ingenieros Consultores Asociados tiene su foco en la agregaci\u00f3n de valor, la inteligencia colectiva el uso del conocimiento y la mejora continua, sus areas de especialidad son la Gesti\u00f3n de Carteras de Inversiones, gesti\u00f3n de estudios y Proyectos, gesti\u00f3n de controversias y gesti\u00f3n del conocimiento.<\/p>\n\n\t\t<\/div>\n\t\t\t\t\t<\/div>\n\n\t\n\n\t<div id=\"col-1090469777\" class=\"col medium-4 small-12 large-4\"  >\n\t\t\t\t<div class=\"col-inner\"  >\n\t\t\t\n\t\t\t\n\n\t<div class=\"img has-hover x md-x lg-x y md-y lg-y\" id=\"image_1112307185\">\n\t\t\t\t\t\t\t\t<div class=\"img-inner dark\" >\n\t\t\t<img loading=\"lazy\" decoding=\"async\" width=\"527\" height=\"198\" src=\"https:\/\/proactiveoffice.com\/wp-content\/uploads\/2017\/12\/logo_perryica.png\" class=\"attachment-large size-large\" alt=\"\" srcset=\"https:\/\/proactiveoffice.com\/wp-content\/uploads\/2017\/12\/logo_perryica.png 527w, https:\/\/proactiveoffice.com\/wp-content\/uploads\/2017\/12\/logo_perryica-300x113.png 300w\" sizes=\"auto, (max-width: 527px) 100vw, 527px\" \/>\t\t\t\t\t\t\n\t\t\t\t\t<\/div>\n\t\t\t\t\t\t\t\t\n<style>\n#image_1112307185 {\n  width: 100%;\n}\n<\/style>\n\t<\/div>\n\t\n\n\n\t\t<\/div>\n\t\t\t\t\t<\/div>\n\n\t\n\n<\/div>\n\n\t\t<\/div>\n\n\t\t\n<style>\n#section_1109309960 {\n  padding-top: 30px;\n  padding-bottom: 30px;\n  background-color: rgb(255, 255, 255);\n}\n#section_1109309960 .section-bg-overlay {\n  background-color: rgba(255, 255, 255, 0.85);\n}\n<\/style>\n\t<\/section>\n\t\n\n\t<section class=\"section\" id=\"section_519592134\">\n\t\t<div class=\"section-bg fill\" >\n\t\t\t\t\t\t\t\t\t<div class=\"section-bg-overlay absolute fill\"><\/div>\n\t\t\t\n\t<div class=\"is-border\"\n\t\tstyle=\"border-width:1px 0px 1px 0px;\">\n\t<\/div>\n\n\t\t<\/div>\n\n\t\t\n\n\t\t<div class=\"section-content relative\">\n\t\t\t\n\n<div class=\"row row-large align-middle\"  id=\"row-780724219\">\n\n\n\t<div id=\"col-1894473406\" class=\"col medium-4 small-12 large-4\"  >\n\t\t\t\t<div class=\"col-inner\"  >\n\t\t\t\n\t\t\t\n\n\t<div class=\"img has-hover x md-x lg-x y md-y lg-y\" id=\"image_190168326\">\n\t\t\t\t\t\t\t\t<div class=\"img-inner dark\" >\n\t\t\t<img loading=\"lazy\" decoding=\"async\" width=\"388\" height=\"300\" src=\"https:\/\/proactiveoffice.com\/wp-content\/uploads\/2017\/12\/deloitte-logo.png\" class=\"attachment-large size-large\" alt=\"\" srcset=\"https:\/\/proactiveoffice.com\/wp-content\/uploads\/2017\/12\/deloitte-logo.png 388w, https:\/\/proactiveoffice.com\/wp-content\/uploads\/2017\/12\/deloitte-logo-300x232.png 300w\" sizes=\"auto, (max-width: 388px) 100vw, 388px\" \/>\t\t\t\t\t\t\n\t\t\t\t\t<\/div>\n\t\t\t\t\t\t\t\t\n<style>\n#image_190168326 {\n  width: 100%;\n}\n<\/style>\n\t<\/div>\n\t\n\n\n\t\t<\/div>\n\t\t\t\t\t<\/div>\n\n\t\n\n\t<div id=\"col-1073167995\" class=\"col medium-8 small-12 large-8\"  >\n\t\t\t\t<div class=\"col-inner text-left\"  >\n\t\t\t\n\t\t\t\n\n<h2 class=\"uppercase\">Deloitte<\/h2>\n<p><strong>Como la primera empresa de servicios privada del mundo Deloitte\u00a0presta servicios profesionales de Auditor\u00eda, Impuestos, Consultor\u00eda, Gesti\u00f3n de Proyectos, Riesgos y Asesor\u00eda Financiera.<\/strong>\u00a0<\/p>\n<p>El conocimiento y experiencia en Gestion de Proyectos, sumados a las mejores pr\u00e1cticas de la industria, permite lograr los mejores resultados de acuerdo a las exigencias propias de cada cliente.<\/p>\n\n\t\t<\/div>\n\t\t\t\t\t<\/div>\n\n\t\n\n<\/div>\n\n\t\t<\/div>\n\n\t\t\n<style>\n#section_519592134 {\n  padding-top: 30px;\n  padding-bottom: 30px;\n  background-color: rgb(193, 193, 193);\n}\n#section_519592134 .section-bg-overlay {\n  background-color: rgba(255, 255, 255, 0.85);\n}\n<\/style>\n\t<\/section>\n\t\n\n\t<section class=\"section\" id=\"section_263237724\">\n\t\t<div class=\"section-bg fill\" >\n\t\t\t\t\t\t\t\t\t<div class=\"section-bg-overlay absolute fill\"><\/div>\n\t\t\t\n\n\t\t<\/div>\n\n\t\t\n\n\t\t<div class=\"section-content relative\">\n\t\t\t\n\n<div class=\"row row-large align-middle\"  id=\"row-1280815985\">\n\n\n\t<div id=\"col-1207112285\" class=\"col medium-8 small-12 large-8\"  >\n\t\t\t\t<div class=\"col-inner text-left\"  >\n\t\t\t\n\t\t\t\n\n<h2 class=\"uppercase\">TRIADA-SOLUTIONS<\/h2>\n<p>Es una empresa especializada en servicios profesionales de consultor\u00eda en direcci\u00f3n de proyectos.\u00a0<\/p>\n<p>A trav\u00e9s de una direcci\u00f3n de proyectos efectiva y\u00a0f\u00e1cil de poner en pr\u00e1ctica, garantizan a sus clientes la reducci\u00f3n de\u00a0los costos innecesarios en sus proyectos y\u00a0el logro de los objetivos de sus inversiones oportunamente.<\/p>\n<p>Se focalizan en aquellos proyectos que incorporan tecnolog\u00eda para\u00a0mejorar o transformar el negocio de sus clientes. Ponen a la vista los costos sumergidos,\u00a0reducen la incertidumbre\u00a0y controlan los riegos de los proyectos que incorporan tecnolog\u00eda a la empresas.<\/p>\n\n\t\t<\/div>\n\t\t\t\t\t<\/div>\n\n\t\n\n\t<div id=\"col-1689016586\" class=\"col medium-4 small-12 large-4\"  >\n\t\t\t\t<div class=\"col-inner\"  >\n\t\t\t\n\t\t\t\n\n\t<div class=\"img has-hover x md-x lg-x y md-y lg-y\" id=\"image_1904848649\">\n\t\t\t\t\t\t\t\t<div class=\"img-inner dark\" >\n\t\t\t<img loading=\"lazy\" decoding=\"async\" width=\"384\" height=\"89\" src=\"https:\/\/proactiveoffice.com\/wp-content\/uploads\/2017\/12\/logo-triada-solutions.gif\" class=\"attachment-large size-large\" alt=\"\" \/>\t\t\t\t\t\t\n\t\t\t\t\t<\/div>\n\t\t\t\t\t\t\t\t\n<style>\n#image_1904848649 {\n  width: 100%;\n}\n<\/style>\n\t<\/div>\n\t\n\n\n\t\t<\/div>\n\t\t\t\t\t<\/div>\n\n\t\n\n<\/div>\n\n\t\t<\/div>\n\n\t\t\n<style>\n#section_263237724 {\n  padding-top: 30px;\n  padding-bottom: 30px;\n  background-color: rgb(255, 255, 255);\n}\n#section_263237724 .section-bg-overlay {\n  background-color: rgba(255, 255, 255, 0.85);\n}\n<\/style>\n\t<\/section>\n\t\n\n\t<section class=\"section\" id=\"section_257038404\">\n\t\t<div class=\"section-bg fill\" >\n\t\t\t\t\t\t\t\t\t<div class=\"section-bg-overlay absolute fill\"><\/div>\n\t\t\t\n\t<div class=\"is-border\"\n\t\tstyle=\"border-width:1px 0px 1px 0px;\">\n\t<\/div>\n\n\t\t<\/div>\n\n\t\t\n\n\t\t<div class=\"section-content relative\">\n\t\t\t\n\n<div class=\"row row-large align-middle\"  id=\"row-1964745213\">\n\n\n\t<div id=\"col-2081460134\" class=\"col medium-4 small-12 large-4\"  >\n\t\t\t\t<div class=\"col-inner\"  >\n\t\t\t\n\t\t\t\n\n\t<div class=\"img has-hover x md-x lg-x y md-y lg-y\" id=\"image_320991134\">\n\t\t\t\t\t\t\t\t<div class=\"img-inner dark\" >\n\t\t\t<img loading=\"lazy\" decoding=\"async\" width=\"144\" height=\"60\" src=\"https:\/\/proactiveoffice.com\/wp-content\/uploads\/2018\/05\/atenos-logo-generamos-impacto.jpg\" class=\"attachment-large size-large\" alt=\"\" \/>\t\t\t\t\t\t\n\t\t\t\t\t<\/div>\n\t\t\t\t\t\t\t\t\n<style>\n#image_320991134 {\n  width: 100%;\n}\n<\/style>\n\t<\/div>\n\t\n\n\n\t\t<\/div>\n\t\t\t\t\t<\/div>\n\n\t\n\n\t<div id=\"col-1994599525\" class=\"col medium-8 small-12 large-8\"  >\n\t\t\t\t<div class=\"col-inner text-left\"  >\n\t\t\t\n\t\t\t\n\n<h2 class=\"uppercase\">ATenos<\/h2>\n<p><strong>El conocimiento y experiencia en Gestion de Proyectos, sumados a las mejores pr\u00e1cticas de la industria, permite lograr los mejores resultados de acuerdo a las exigencias propias de cada cliente.<\/strong>\u00a0<\/p>\n<p>En Atenos desplegan un conjunto de servicios bajo un enfoque hol\u00edstico, integrando Formaci\u00f3n Integral, Gesti\u00f3n del Cambio Organizacional y Tecnolog\u00edas de Informaci\u00f3n. Junto con realizar un trabajo de excelencia, perseguimos el logro de proyectos exitosos en su cumplimiento de alcance, tiempo, costos y calidad. Nos planteamos la generaci\u00f3n de<br \/>resultados sostenibles en los procesos de negocio de la organizaci\u00f3n.<\/p>\n\n\t\t<\/div>\n\t\t\t\t\t<\/div>\n\n\t\n\n<\/div>\n\n\t\t<\/div>\n\n\t\t\n<style>\n#section_257038404 {\n  padding-top: 30px;\n  padding-bottom: 30px;\n  background-color: rgb(193, 193, 193);\n}\n#section_257038404 .section-bg-overlay {\n  background-color: rgba(255, 255, 255, 0.85);\n}\n<\/style>\n\t<\/section>\n\t\n\n\t<section class=\"section\" id=\"section_99701142\">\n\t\t<div class=\"section-bg fill\" >\n\t\t\t\t\t\t\t\t\t<div class=\"section-bg-overlay absolute fill\"><\/div>\n\t\t\t\n\n\t\t<\/div>\n\n\t\t\n\n\t\t<div class=\"section-content relative\">\n\t\t\t\n\n<div class=\"row row-large align-middle\"  id=\"row-1179031517\">\n\n\n\t<div id=\"col-499883039\" class=\"col medium-8 small-12 large-8\"  >\n\t\t\t\t<div class=\"col-inner text-left\"  >\n\t\t\t\n\t\t\t\n\n<h2 class=\"uppercase\">E+PMC<\/h2>\n<p>Esta empresa especialista en Gesti\u00f3n de Proyectos fu\u00e9 la primera empresa chilena registrada en el PMI y son Proveedores Globales de Educaci\u00f3n Global REP de PMI\u00ae, cuentan con una alianza con Cadence Corporation y una vasta experiencia en los rubros Mining Oil &amp; Gas, adem\u00e1s de Gobierno, transporte y otras especialidades.<\/p>\n\n\t\t<\/div>\n\t\t\t\t\t<\/div>\n\n\t\n\n\t<div id=\"col-1446207143\" class=\"col medium-4 small-12 large-4\"  >\n\t\t\t\t<div class=\"col-inner\"  >\n\t\t\t\n\t\t\t\n\n\t<div class=\"img has-hover x md-x lg-x y md-y lg-y\" id=\"image_2058010443\">\n\t\t\t\t\t\t\t\t<div class=\"img-inner dark\" >\n\t\t\t<img loading=\"lazy\" decoding=\"async\" width=\"280\" height=\"69\" src=\"https:\/\/proactiveoffice.com\/wp-content\/uploads\/2017\/12\/c37c02e553a4b882e149630cc2b8f401_280x70.jpg\" class=\"attachment-large size-large\" alt=\"\" \/>\t\t\t\t\t\t\n\t\t\t\t\t<\/div>\n\t\t\t\t\t\t\t\t\n<style>\n#image_2058010443 {\n  width: 100%;\n}\n<\/style>\n\t<\/div>\n\t\n\n\n\t\t<\/div>\n\t\t\t\t\t<\/div>\n\n\t\n\n<\/div>\n\n\t\t<\/div>\n\n\t\t\n<style>\n#section_99701142 {\n  padding-top: 30px;\n  padding-bottom: 30px;\n  background-color: rgb(255, 255, 255);\n}\n#section_99701142 .section-bg-overlay {\n  background-color: rgba(255, 255, 255, 0.85);\n}\n<\/style>\n\t<\/section>\n\t\n\n  <div class=\"banner has-hover has-parallax\" id=\"banner-684665707\">\n          <div class=\"banner-inner fill\">\n        <div class=\"banner-bg fill\" data-parallax=\"-1\" data-parallax-container=\".banner\" data-parallax-background>\n            <img loading=\"lazy\" decoding=\"async\" width=\"990\" height=\"660\" src=\"https:\/\/proactiveoffice.com\/wp-content\/uploads\/2018\/07\/hero_img_1.jpg\" class=\"bg attachment-large size-large\" alt=\"\" \/>                        <div class=\"overlay\"><\/div>            \n                    <\/div>\n\t\t\n        <div class=\"banner-layers container\">\n            <div class=\"fill banner-link\"><\/div>            \n\n   <div id=\"text-box-1074434954\" class=\"text-box banner-layer x50 md-x50 lg-x50 y50 md-y50 lg-y50 res-text\">\n                                <div class=\"text-box-content text dark\">\n              \n              <div class=\"text-inner text-center\">\n                  \n\n\t<div id=\"gap-700270610\" class=\"gap-element clearfix\" style=\"display:block; height:auto;\">\n\t\t\n<style>\n#gap-700270610 {\n  padding-top: 10px;\n}\n<\/style>\n\t<\/div>\n\t\n\n<p class=\"uppercase\"><span style=\"font-size: 12.96px;\"><b>\u00bfEst\u00e1s listo para conocer ProactiveOffice?<\/b><\/span><\/p>\n<h2><strong>Solicite su Demo<\/strong><\/h2>\n<p><span style=\"font-size: 95%;\">Para empresas que poseen 10 o m\u00e1s proyectos o contratos activos;<br \/>\nProactiveOffice ofrece una demostraci\u00f3n por 20 d\u00edas para consolidar, visualizar y asumir el control de su portafolio.<br \/><\/span><\/p>\n\t<div id=\"gap-1189274971\" class=\"gap-element clearfix\" style=\"display:block; height:auto;\">\n\t\t\n<style>\n#gap-1189274971 {\n  padding-top: 10px;\n}\n<\/style>\n\t<\/div>\n\t\n\n<a href=\"http:\/\/www.proactiveoffice.com\/solicitud\/demo.html\" class=\"button secondary\" >\n\t\t<span>DEMO<\/span>\n\t<\/a>\n\n\n\n              <\/div>\n           <\/div>\n                            \n<style>\n#text-box-1074434954 {\n  width: 85%;\n}\n#text-box-1074434954 .text-box-content {\n  font-size: 100%;\n}\n@media (min-width:550px) {\n  #text-box-1074434954 {\n    width: 67%;\n  }\n}\n@media (min-width:850px) {\n  #text-box-1074434954 {\n    width: 51%;\n  }\n}\n<\/style>\n    <\/div>\n \n\n        <\/div>\n      <\/div>\n\n            \n<style>\n#banner-684665707 {\n  padding-top: 330px;\n}\n#banner-684665707 .overlay {\n  background-color: rgba(0, 0, 0, 0.74);\n}\n#banner-684665707 .banner-bg img {\n  object-position: 7% 64%;\n}\n@media (min-width:550px) {\n  #banner-684665707 {\n    padding-top: 400px;\n  }\n}\n<\/style>\n  <\/div>\n\n\n\n\n","protected":false},"excerpt":{"rendered":"","protected":false},"author":2,"featured_media":0,"parent":0,"menu_order":0,"comment_status":"closed","ping_status":"closed","template":"page-blank.php","meta":{"footnotes":""},"class_list":["post-5068","page","type-page","status-publish","hentry"],"yoast_head":"<!-- This site is optimized with the Yoast SEO plugin v27.3 - https:\/\/yoast.com\/product\/yoast-seo-wordpress\/ -->\n<title>Partners - ProactiveOffice.com<\/title>\n<meta name=\"robots\" content=\"index, follow, max-snippet:-1, max-image-preview:large, max-video-preview:-1\" \/>\n<link rel=\"canonical\" href=\"https:\/\/proactiveoffice.com\/en\/partners\/\" \/>\n<meta property=\"og:locale\" content=\"en_US\" \/>\n<meta property=\"og:type\" content=\"article\" \/>\n<meta property=\"og:title\" content=\"Partners - ProactiveOffice.com\" \/>\n<meta property=\"og:url\" content=\"https:\/\/proactiveoffice.com\/en\/partners\/\" \/>\n<meta property=\"og:site_name\" content=\"ProactiveOffice.com\" \/>\n<meta property=\"article:modified_time\" content=\"2021-04-01T04:29:57+00:00\" \/>\n<meta name=\"twitter:card\" content=\"summary_large_image\" \/>\n<meta name=\"twitter:label1\" content=\"Est. reading time\" \/>\n\t<meta name=\"twitter:data1\" content=\"4 minutes\" \/>\n<script type=\"application\/ld+json\" class=\"yoast-schema-graph\">{\"@context\":\"https:\\\/\\\/schema.org\",\"@graph\":[{\"@type\":\"WebPage\",\"@id\":\"https:\\\/\\\/proactiveoffice.com\\\/en\\\/partners\\\/\",\"url\":\"https:\\\/\\\/proactiveoffice.com\\\/en\\\/partners\\\/\",\"name\":\"Partners - ProactiveOffice.com\",\"isPartOf\":{\"@id\":\"https:\\\/\\\/proactiveoffice.com\\\/#website\"},\"datePublished\":\"2017-12-05T17:21:54+00:00\",\"dateModified\":\"2021-04-01T04:29:57+00:00\",\"breadcrumb\":{\"@id\":\"https:\\\/\\\/proactiveoffice.com\\\/en\\\/partners\\\/#breadcrumb\"},\"inLanguage\":\"en-US\",\"potentialAction\":[{\"@type\":\"ReadAction\",\"target\":[\"https:\\\/\\\/proactiveoffice.com\\\/en\\\/partners\\\/\"]}]},{\"@type\":\"BreadcrumbList\",\"@id\":\"https:\\\/\\\/proactiveoffice.com\\\/en\\\/partners\\\/#breadcrumb\",\"itemListElement\":[{\"@type\":\"ListItem\",\"position\":1,\"name\":\"Home\",\"item\":\"https:\\\/\\\/proactiveoffice.com\\\/en\\\/\"},{\"@type\":\"ListItem\",\"position\":2,\"name\":\"Partners\"}]},{\"@type\":\"WebSite\",\"@id\":\"https:\\\/\\\/proactiveoffice.com\\\/#website\",\"url\":\"https:\\\/\\\/proactiveoffice.com\\\/\",\"name\":\"ProactiveOffice.com\",\"description\":\"El m\u00e1s simple y adaptable software de gesti\u00f3n de proyectos on-line, que provee eficiencia y proactividad a iniciativas, proyectos y contratos.\",\"potentialAction\":[{\"@type\":\"SearchAction\",\"target\":{\"@type\":\"EntryPoint\",\"urlTemplate\":\"https:\\\/\\\/proactiveoffice.com\\\/?s={search_term_string}\"},\"query-input\":{\"@type\":\"PropertyValueSpecification\",\"valueRequired\":true,\"valueName\":\"search_term_string\"}}],\"inLanguage\":\"en-US\"}]}<\/script>\n<!-- \/ Yoast SEO plugin. -->","yoast_head_json":{"title":"Partners - ProactiveOffice.com","robots":{"index":"index","follow":"follow","max-snippet":"max-snippet:-1","max-image-preview":"max-image-preview:large","max-video-preview":"max-video-preview:-1"},"canonical":"https:\/\/proactiveoffice.com\/en\/partners\/","og_locale":"en_US","og_type":"article","og_title":"Partners - ProactiveOffice.com","og_url":"https:\/\/proactiveoffice.com\/en\/partners\/","og_site_name":"ProactiveOffice.com","article_modified_time":"2021-04-01T04:29:57+00:00","twitter_card":"summary_large_image","twitter_misc":{"Est. reading time":"4 minutes"},"schema":{"@context":"https:\/\/schema.org","@graph":[{"@type":"WebPage","@id":"https:\/\/proactiveoffice.com\/en\/partners\/","url":"https:\/\/proactiveoffice.com\/en\/partners\/","name":"Partners - ProactiveOffice.com","isPartOf":{"@id":"https:\/\/proactiveoffice.com\/#website"},"datePublished":"2017-12-05T17:21:54+00:00","dateModified":"2021-04-01T04:29:57+00:00","breadcrumb":{"@id":"https:\/\/proactiveoffice.com\/en\/partners\/#breadcrumb"},"inLanguage":"en-US","potentialAction":[{"@type":"ReadAction","target":["https:\/\/proactiveoffice.com\/en\/partners\/"]}]},{"@type":"BreadcrumbList","@id":"https:\/\/proactiveoffice.com\/en\/partners\/#breadcrumb","itemListElement":[{"@type":"ListItem","position":1,"name":"Home","item":"https:\/\/proactiveoffice.com\/en\/"},{"@type":"ListItem","position":2,"name":"Partners"}]},{"@type":"WebSite","@id":"https:\/\/proactiveoffice.com\/#website","url":"https:\/\/proactiveoffice.com\/","name":"ProactiveOffice.com","description":"El m\u00e1s simple y adaptable software de gesti\u00f3n de proyectos on-line, que provee eficiencia y proactividad a iniciativas, proyectos y contratos.","potentialAction":[{"@type":"SearchAction","target":{"@type":"EntryPoint","urlTemplate":"https:\/\/proactiveoffice.com\/?s={search_term_string}"},"query-input":{"@type":"PropertyValueSpecification","valueRequired":true,"valueName":"search_term_string"}}],"inLanguage":"en-US"}]}},"_links":{"self":[{"href":"https:\/\/proactiveoffice.com\/en\/wp-json\/wp\/v2\/pages\/5068","targetHints":{"allow":["GET"]}}],"collection":[{"href":"https:\/\/proactiveoffice.com\/en\/wp-json\/wp\/v2\/pages"}],"about":[{"href":"https:\/\/proactiveoffice.com\/en\/wp-json\/wp\/v2\/types\/page"}],"author":[{"embeddable":true,"href":"https:\/\/proactiveoffice.com\/en\/wp-json\/wp\/v2\/users\/2"}],"replies":[{"embeddable":true,"href":"https:\/\/proactiveoffice.com\/en\/wp-json\/wp\/v2\/comments?post=5068"}],"version-history":[{"count":7,"href":"https:\/\/proactiveoffice.com\/en\/wp-json\/wp\/v2\/pages\/5068\/revisions"}],"predecessor-version":[{"id":6500,"href":"https:\/\/proactiveoffice.com\/en\/wp-json\/wp\/v2\/pages\/5068\/revisions\/6500"}],"wp:attachment":[{"href":"https:\/\/proactiveoffice.com\/en\/wp-json\/wp\/v2\/media?parent=5068"}],"curies":[{"name":"wp","href":"https:\/\/api.w.org\/{rel}","templated":true}]}}