{"id":5088,"date":"2017-11-02T10:58:35","date_gmt":"2017-11-02T14:58:35","guid":{"rendered":"https:\/\/proactiveoffice.com\/iniciativas\/"},"modified":"2022-05-30T20:33:45","modified_gmt":"2022-05-31T00:33:45","slug":"iniciativas","status":"publish","type":"page","link":"https:\/\/proactiveoffice.com\/en\/iniciativas\/","title":{"rendered":"Iniciativas"},"content":{"rendered":"\n\n  <div class=\"banner has-hover has-video\" id=\"banner-1083229645\">\n          <div class=\"banner-inner fill\">\n        <div class=\"banner-bg fill\" >\n                        \t<div class=\"video-overlay no-click fill hide-for-medium\"><\/div>\n\t<video class=\"video-bg fill hide-for-medium\" preload playsinline autoplay muted loop>\n\t\t<source src=\"http:\/\/%20proactiveoffice.com\/wp-content\/uploads\/2018\/05\/Dancing-Bulbs.mp4\" type=\"video\/mp4\">\t<\/video>\n            <div class=\"overlay\"><\/div>            \n                    <\/div>\n\t\t\n        <div class=\"banner-layers container\">\n            <div class=\"fill banner-link\"><\/div>            \n\n   <div id=\"text-box-1065703581\" class=\"text-box banner-layer x0 md-x0 lg-x0 y50 md-y50 lg-y50 res-text\">\n                     <div data-animate=\"fadeInUp\">           <div class=\"text-box-content text dark text-shadow-2\">\n              \n              <div class=\"text-inner text-left\">\n                  \n\n<h1 class=\"uppercase\" style=\"text-align: left;\"><span style=\"color: #ffffff; font-size: 100%;\"><strong>gesti\u00f3n de Iniciativas<\/strong><\/span><\/h1>\n<p style=\"text-align: left;\"><span style=\"font-size: 115%; color: #ffffff;\">Facilite y estandarice los PROCESOS DE SELECCI\u00d3N, OPEN-INNOVATION, CAPEX Allocation, Concursos P\u00fablicos, Innovaci\u00f3n, Licitaciones, Selecci\u00f3n de personal, etc. a trav\u00e9s de una poderosa plataforma que usa las buenas pr\u00e1cticas de los mas difundidos est\u00e1ndares, centralizando los formatos de postulaci\u00f3n, la evaluaci\u00f3n cualitativa v\u00eda web y automatizando los an\u00e1lisis cuantitativos para seleccionar siempre lo mejor.<\/span><\/p>\n<a href=\"https:\/\/proactiveoffice.com\/solicitud\/demo.html\" class=\"button primary\" >\n\t\t<span>pide tu demo<\/span>\n\t<\/a>\n\n\n\n              <\/div>\n           <\/div>\n       <\/div>                     \n<style>\n#text-box-1065703581 {\n  width: 92%;\n}\n#text-box-1065703581 .text-box-content {\n  font-size: 100%;\n}\n<\/style>\n    <\/div>\n \n\n        <\/div>\n      <\/div>\n\n            \n<style>\n#banner-1083229645 {\n  padding-top: 348px;\n}\n#banner-1083229645 .overlay {\n  background-color: rgba(104, 165, 212, 0.82);\n}\n@media (min-width:550px) {\n  #banner-1083229645 {\n    padding-top: 430px;\n  }\n}\n<\/style>\n  <\/div>\n\n\n\n\t<section class=\"section\" id=\"section_1704032792\">\n\t\t<div class=\"section-bg fill\" >\n\t\t\t\t\t\t\t\t\t\n\t\t\t\n\n\t\t<\/div>\n\n\t\t\n\n\t\t<div class=\"section-content relative\">\n\t\t\t\n\n<div class=\"row\"  id=\"row-1034793394\">\n\n\n\t<div id=\"col-380940887\" class=\"col medium-3 small-6 large-3\"  >\n\t\t\t\t<div class=\"col-inner text-center\"  >\n\t\t\t\n\t\t\t\n\n\n\t\t<div class=\"icon-box featured-box icon-box-center text-center\"  >\n\t\t\t\t\t<div class=\"icon-box-img\" style=\"width: 100px\">\n\t\t\t\t<div class=\"icon\">\n\t\t\t\t\t<div class=\"icon-inner\" style=\"color:rgb(61, 183, 206);\">\n\t\t\t\t\t\t<img loading=\"lazy\" decoding=\"async\" width=\"128\" height=\"128\" src=\"https:\/\/proactiveoffice.com\/wp-content\/uploads\/2018\/05\/002-settings.png\" class=\"attachment-medium size-medium\" alt=\"\" \/>\t\t\t\t\t<\/div>\n\t\t\t\t<\/div>\n\t\t\t<\/div>\n\t\t\t\t<div class=\"icon-box-text last-reset\">\n\t\t\t\t\t\t\t\t\t\n\n<h3 style=\"text-align: center;\">Evaluadores Distribuidos<\/h3>\n<p style=\"text-align: center;\">Facilite y de avisos v\u00eda email, proporcione acceso remoto via web a sus expertos para la evaluaci\u00f3n cualitativa de sus postulaciones<\/p>\n\n\t\t<\/div>\n\t<\/div>\n\t\n\t\n\n\t\t<\/div>\n\t\t\t\t\t<\/div>\n\n\t\n\n\t<div id=\"col-1199461495\" class=\"col medium-3 small-6 large-3\"  >\n\t\t\t\t<div class=\"col-inner text-center\"  >\n\t\t\t\n\t\t\t\n\n\n\t\t<div class=\"icon-box featured-box icon-box-center text-center\"  >\n\t\t\t\t\t<div class=\"icon-box-img\" style=\"width: 100px\">\n\t\t\t\t<div class=\"icon\">\n\t\t\t\t\t<div class=\"icon-inner\" style=\"color:rgb(61, 183, 206);\">\n\t\t\t\t\t\t<img loading=\"lazy\" decoding=\"async\" width=\"128\" height=\"128\" src=\"https:\/\/proactiveoffice.com\/wp-content\/uploads\/2018\/05\/003-user.png\" class=\"attachment-medium size-medium\" alt=\"\" \/>\t\t\t\t\t<\/div>\n\t\t\t\t<\/div>\n\t\t\t<\/div>\n\t\t\t\t<div class=\"icon-box-text last-reset\">\n\t\t\t\t\t\t\t\t\t\n\n<h3 style=\"text-align: center;\">Formularios variables<\/h3>\n<p style=\"text-align: center;\">Dise\u00f1e sus procesos de selecci\u00f3n con la versatilidad que ofrece tener formularios personalizables con validaciones de campos por tipos<\/p>\n\n\t\t<\/div>\n\t<\/div>\n\t\n\t\n\n\t\t<\/div>\n\t\t\t\t\t<\/div>\n\n\t\n\n\t<div id=\"col-1921189504\" class=\"col medium-3 small-6 large-3\"  >\n\t\t\t\t<div class=\"col-inner text-center\"  >\n\t\t\t\n\t\t\t\n\n\n\t\t<div class=\"icon-box featured-box icon-box-center text-center\"  >\n\t\t\t\t\t<div class=\"icon-box-img\" style=\"width: 100px\">\n\t\t\t\t<div class=\"icon\">\n\t\t\t\t\t<div class=\"icon-inner\" style=\"color:rgb(61, 183, 206);\">\n\t\t\t\t\t\t<img loading=\"lazy\" decoding=\"async\" width=\"128\" height=\"128\" src=\"https:\/\/proactiveoffice.com\/wp-content\/uploads\/2018\/05\/004-options.png\" class=\"attachment-medium size-medium\" alt=\"\" \/>\t\t\t\t\t<\/div>\n\t\t\t\t<\/div>\n\t\t\t<\/div>\n\t\t\t\t<div class=\"icon-box-text last-reset\">\n\t\t\t\t\t\t\t\t\t\n\n<h3 style=\"text-align: center;\">An\u00e1lisis Cuantitativo<\/h3>\n<p style=\"text-align: center;\">Permita que el poder de los sistemas se encarguen de evaluar cuantitativamente los campos completados por sus postulantes<\/p>\n\n\t\t<\/div>\n\t<\/div>\n\t\n\t\n\n\t\t<\/div>\n\t\t\t\t\t<\/div>\n\n\t\n\n\t<div id=\"col-1682401111\" class=\"col medium-3 small-6 large-3\"  >\n\t\t\t\t<div class=\"col-inner text-center\"  >\n\t\t\t\n\t\t\t\n\n\n\t\t<div class=\"icon-box featured-box icon-box-center text-center\"  >\n\t\t\t\t\t<div class=\"icon-box-img\" style=\"width: 100px\">\n\t\t\t\t<div class=\"icon\">\n\t\t\t\t\t<div class=\"icon-inner\" style=\"color:rgb(61, 183, 206);\">\n\t\t\t\t\t\t<img loading=\"lazy\" decoding=\"async\" width=\"128\" height=\"128\" src=\"https:\/\/proactiveoffice.com\/wp-content\/uploads\/2018\/05\/001-optimization.png\" class=\"attachment-medium size-medium\" alt=\"\" \/>\t\t\t\t\t<\/div>\n\t\t\t\t<\/div>\n\t\t\t<\/div>\n\t\t\t\t<div class=\"icon-box-text last-reset\">\n\t\t\t\t\t\t\t\t\t\n\n<h3 style=\"text-align: center;\">Optimice el tiempo<\/h3>\n<p style=\"text-align: center;\">Las funcionalidades del sistema ayudan a reducir los Funnel de selecci\u00f3n generando eficiencia y productividad.<\/p>\n\n\t\t<\/div>\n\t<\/div>\n\t\n\t\n\n\t\t<\/div>\n\t\t\t\t\t<\/div>\n\n\t\n\n<\/div>\n\n\t\t<\/div>\n\n\t\t\n<style>\n#section_1704032792 {\n  padding-top: 50px;\n  padding-bottom: 50px;\n}\n@media (min-width:550px) {\n  #section_1704032792 {\n    padding-top: 90px;\n    padding-bottom: 90px;\n  }\n}\n<\/style>\n\t<\/section>\n\t\n\n\t<section class=\"section\" id=\"section_557741341\">\n\t\t<div class=\"section-bg fill\" >\n\t\t\t\t\t\t\t\t\t\n\t\t\t\n\n\t\t<\/div>\n\n\t\t\n\n\t\t<div class=\"section-content relative\">\n\t\t\t\n\n<div class=\"row\"  id=\"row-852263125\">\n\n\n\t<div id=\"col-1121461564\" class=\"col medium-3 small-12 large-3\"  >\n\t\t\t\t<div class=\"col-inner\"  >\n\t\t\t\n\t\t\t\n\n\t<div class=\"img has-hover x md-x lg-x y md-y lg-y\" id=\"image_788023710\">\n\t\t<a class=\"image-lightbox lightbox-gallery\" title=\"\" href=\"https:\/\/proactiveoffice.com\/wp-content\/uploads\/2018\/05\/Embudo_deSeleccion.jpg\">\t\t\t\t\t\t<div class=\"img-inner box-shadow-3 dark\" >\n\t\t\t<img loading=\"lazy\" decoding=\"async\" width=\"392\" height=\"392\" src=\"https:\/\/proactiveoffice.com\/wp-content\/uploads\/2018\/05\/Embudo_deSeleccion.jpg\" class=\"attachment-large size-large\" alt=\"\" srcset=\"https:\/\/proactiveoffice.com\/wp-content\/uploads\/2018\/05\/Embudo_deSeleccion.jpg 392w, https:\/\/proactiveoffice.com\/wp-content\/uploads\/2018\/05\/Embudo_deSeleccion-150x150.jpg 150w, https:\/\/proactiveoffice.com\/wp-content\/uploads\/2018\/05\/Embudo_deSeleccion-300x300.jpg 300w\" sizes=\"auto, (max-width: 392px) 100vw, 392px\" \/>\t\t\t\t\t\t\n\t\t\t\t\t<\/div>\n\t\t\t\t\t\t<\/a>\t\t\n<style>\n#image_788023710 {\n  width: 100%;\n}\n<\/style>\n\t<\/div>\n\t\n\n\n\t\t<\/div>\n\t\t\t\t\t<\/div>\n\n\t\n\n\t<div id=\"col-1005421259\" class=\"col medium-9 small-12 large-9\"  >\n\t\t\t\t<div class=\"col-inner\"  >\n\t\t\t\n\t\t\t\n\n<h3>\u00a0<\/h3>\n<h3>FORMATOS ESTANDARIZADOS DE POSTULACION<\/h3>\n<p>Gracias a la versatilidad que ofrece para dise\u00f1ar sus formatos de postulaci\u00f3n es viable ofrecer formatos de captura de datos estandarizados para los multiples postulantes u oferentes, de esta manera los par\u00e1metros de evaluaci\u00f3n pueden aplicarse transversalmente a todas las postulaciones de un mismo procesos de selecci\u00f3n, optimizando de esta manera los esfuerzos asociados al proceso de selecci\u00f3n.<\/p>\n\n\t\t<\/div>\n\t\t\t\t\t<\/div>\n\n\t\n\n<\/div>\n\n\t\t<\/div>\n\n\t\t\n<style>\n#section_557741341 {\n  padding-top: 30px;\n  padding-bottom: 30px;\n  background-color: rgb(248, 248, 248);\n}\n<\/style>\n\t<\/section>\n\t\n\n\t<section class=\"section\" id=\"section_1130815317\">\n\t\t<div class=\"section-bg fill\" >\n\t\t\t\t\t\t\t\t\t\n\t\t\t\n\n\t\t<\/div>\n\n\t\t\n\n\t\t<div class=\"section-content relative\">\n\t\t\t\n\n<div class=\"row\"  id=\"row-271899046\">\n\n\n\t<div id=\"col-1099558547\" class=\"col medium-8 small-12 large-8\"  >\n\t\t\t\t<div class=\"col-inner\"  >\n\t\t\t\n\t\t\t\n\n<h3>\u00a0<\/h3>\n<h3>INTELIGENCIA COLECTIVA<\/h3>\n<p>La innovaci\u00f3n como la conociamos cambi\u00f3 radicalmente gracias a la implementaci\u00f3n de modelos de crowdsourcing donde a trav\u00e9s de la convocatoria abierta a las comunidades innovadoras es viable recibir mayores cantidades de ideas por parte de grupos colectivos. &#8220;ProactiveOffice Iniciativas&#8221; aporta la digitalizaci\u00f3n de estos procesos garantizando resultados directamente asociados a la cantidad y calidad de las postulaciones recibidas.<\/p>\n\n\t\t<\/div>\n\t\t\t\t\t<\/div>\n\n\t\n\n\t<div id=\"col-1755141324\" class=\"col medium-4 small-12 large-4\"  >\n\t\t\t\t<div class=\"col-inner\"  >\n\t\t\t\n\t\t\t\n\n\t<div class=\"img has-hover x md-x lg-x y md-y lg-y\" id=\"image_1242804473\">\n\t\t\t\t\t\t\t\t<div class=\"img-inner image-zoom box-shadow-4 box-shadow-3-hover dark\" >\n\t\t\t<img loading=\"lazy\" decoding=\"async\" width=\"259\" height=\"194\" src=\"https:\/\/proactiveoffice.com\/wp-content\/uploads\/2018\/05\/INTELIGENCIA-COLECTIVA.jpg\" class=\"attachment-large size-large\" alt=\"\" \/>\t\t\t\t\t\t\n\t\t\t\t\t<\/div>\n\t\t\t\t\t\t\t\t\n<style>\n#image_1242804473 {\n  width: 100%;\n}\n<\/style>\n\t<\/div>\n\t\n\n\n\t\t<\/div>\n\t\t\t\t\t<\/div>\n\n\t\n\n<\/div>\n\n\t\t<\/div>\n\n\t\t\n<style>\n#section_1130815317 {\n  padding-top: 30px;\n  padding-bottom: 30px;\n}\n<\/style>\n\t<\/section>\n\t\n\n  <div class=\"banner has-hover has-parallax\" id=\"banner-656385541\">\n          <div class=\"banner-inner fill\">\n        <div class=\"banner-bg fill\" data-parallax=\"-1\" data-parallax-container=\".banner\" data-parallax-background>\n            <img loading=\"lazy\" decoding=\"async\" width=\"990\" height=\"660\" src=\"https:\/\/proactiveoffice.com\/wp-content\/uploads\/2018\/07\/hero_img_1.jpg\" class=\"bg attachment-large size-large\" alt=\"\" \/>                        <div class=\"overlay\"><\/div>            \n                    <\/div>\n\t\t\n        <div class=\"banner-layers container\">\n            <div class=\"fill banner-link\"><\/div>            \n\n   <div id=\"text-box-212320168\" class=\"text-box banner-layer x50 md-x50 lg-x50 y50 md-y50 lg-y50 res-text\">\n                                <div class=\"text-box-content text dark\">\n              \n              <div class=\"text-inner text-center\">\n                  \n\n\t<div id=\"gap-2076341510\" class=\"gap-element clearfix\" style=\"display:block; height:auto;\">\n\t\t\n<style>\n#gap-2076341510 {\n  padding-top: 10px;\n}\n<\/style>\n\t<\/div>\n\t\n\n<p class=\"uppercase\"><span style=\"font-size: 12.96px;\"><b>\u00bfEst\u00e1s listo para conocer ProactiveOffice?<\/b><\/span><\/p>\n<h2><strong>Solicite su Demo<\/strong><\/h2>\n<p><span style=\"font-size: 95%;\">Para empresas que poseen 10 o m\u00e1s proyectos o contratos activos;<br \/>\nProactiveOffice ofrece una demostraci\u00f3n por 20 d\u00edas para consolidar, visualizar y asumir el control de su portafolio.<br \/><\/span><\/p>\n\t<div id=\"gap-1815902787\" class=\"gap-element clearfix\" style=\"display:block; height:auto;\">\n\t\t\n<style>\n#gap-1815902787 {\n  padding-top: 10px;\n}\n<\/style>\n\t<\/div>\n\t\n\n<a href=\"http:\/\/www.proactiveoffice.com\/solicitud\/demo.html\" class=\"button secondary\" >\n\t\t<span>DEMO<\/span>\n\t<\/a>\n\n\n\n              <\/div>\n           <\/div>\n                            \n<style>\n#text-box-212320168 {\n  width: 85%;\n}\n#text-box-212320168 .text-box-content {\n  font-size: 100%;\n}\n@media (min-width:550px) {\n  #text-box-212320168 {\n    width: 67%;\n  }\n}\n@media (min-width:850px) {\n  #text-box-212320168 {\n    width: 51%;\n  }\n}\n<\/style>\n    <\/div>\n \n\n        <\/div>\n      <\/div>\n\n            \n<style>\n#banner-656385541 {\n  padding-top: 330px;\n}\n#banner-656385541 .overlay {\n  background-color: rgba(0, 0, 0, 0.74);\n}\n#banner-656385541 .banner-bg img {\n  object-position: 7% 64%;\n}\n@media (min-width:550px) {\n  #banner-656385541 {\n    padding-top: 400px;\n  }\n}\n<\/style>\n  <\/div>\n\n\n\n\n","protected":false},"excerpt":{"rendered":"","protected":false},"author":2,"featured_media":0,"parent":0,"menu_order":0,"comment_status":"closed","ping_status":"closed","template":"page-blank.php","meta":{"footnotes":""},"class_list":["post-5088","page","type-page","status-publish","hentry"],"yoast_head":"<!-- This site is optimized with the Yoast SEO plugin v27.3 - https:\/\/yoast.com\/product\/yoast-seo-wordpress\/ -->\n<title>Iniciativas - ProactiveOffice.com<\/title>\n<meta name=\"robots\" content=\"index, follow, max-snippet:-1, max-image-preview:large, max-video-preview:-1\" \/>\n<link rel=\"canonical\" href=\"https:\/\/proactiveoffice.com\/en\/iniciativas\/\" \/>\n<meta property=\"og:locale\" content=\"en_US\" \/>\n<meta property=\"og:type\" content=\"article\" \/>\n<meta property=\"og:title\" content=\"Iniciativas - ProactiveOffice.com\" \/>\n<meta property=\"og:url\" content=\"https:\/\/proactiveoffice.com\/en\/iniciativas\/\" \/>\n<meta property=\"og:site_name\" content=\"ProactiveOffice.com\" \/>\n<meta property=\"article:modified_time\" content=\"2022-05-31T00:33:45+00:00\" \/>\n<meta name=\"twitter:card\" content=\"summary_large_image\" \/>\n<meta name=\"twitter:label1\" content=\"Est. reading time\" \/>\n\t<meta name=\"twitter:data1\" content=\"2 minutes\" \/>\n<script type=\"application\/ld+json\" class=\"yoast-schema-graph\">{\"@context\":\"https:\\\/\\\/schema.org\",\"@graph\":[{\"@type\":\"WebPage\",\"@id\":\"https:\\\/\\\/proactiveoffice.com\\\/en\\\/iniciativas\\\/\",\"url\":\"https:\\\/\\\/proactiveoffice.com\\\/en\\\/iniciativas\\\/\",\"name\":\"Iniciativas - ProactiveOffice.com\",\"isPartOf\":{\"@id\":\"https:\\\/\\\/proactiveoffice.com\\\/#website\"},\"datePublished\":\"2017-11-02T14:58:35+00:00\",\"dateModified\":\"2022-05-31T00:33:45+00:00\",\"breadcrumb\":{\"@id\":\"https:\\\/\\\/proactiveoffice.com\\\/en\\\/iniciativas\\\/#breadcrumb\"},\"inLanguage\":\"en-US\",\"potentialAction\":[{\"@type\":\"ReadAction\",\"target\":[\"https:\\\/\\\/proactiveoffice.com\\\/en\\\/iniciativas\\\/\"]}]},{\"@type\":\"BreadcrumbList\",\"@id\":\"https:\\\/\\\/proactiveoffice.com\\\/en\\\/iniciativas\\\/#breadcrumb\",\"itemListElement\":[{\"@type\":\"ListItem\",\"position\":1,\"name\":\"Home\",\"item\":\"https:\\\/\\\/proactiveoffice.com\\\/en\\\/\"},{\"@type\":\"ListItem\",\"position\":2,\"name\":\"Iniciativas\"}]},{\"@type\":\"WebSite\",\"@id\":\"https:\\\/\\\/proactiveoffice.com\\\/#website\",\"url\":\"https:\\\/\\\/proactiveoffice.com\\\/\",\"name\":\"ProactiveOffice.com\",\"description\":\"El m\u00e1s simple y adaptable software de gesti\u00f3n de proyectos on-line, que provee eficiencia y proactividad a iniciativas, proyectos y contratos.\",\"potentialAction\":[{\"@type\":\"SearchAction\",\"target\":{\"@type\":\"EntryPoint\",\"urlTemplate\":\"https:\\\/\\\/proactiveoffice.com\\\/?s={search_term_string}\"},\"query-input\":{\"@type\":\"PropertyValueSpecification\",\"valueRequired\":true,\"valueName\":\"search_term_string\"}}],\"inLanguage\":\"en-US\"}]}<\/script>\n<!-- \/ Yoast SEO plugin. -->","yoast_head_json":{"title":"Iniciativas - ProactiveOffice.com","robots":{"index":"index","follow":"follow","max-snippet":"max-snippet:-1","max-image-preview":"max-image-preview:large","max-video-preview":"max-video-preview:-1"},"canonical":"https:\/\/proactiveoffice.com\/en\/iniciativas\/","og_locale":"en_US","og_type":"article","og_title":"Iniciativas - ProactiveOffice.com","og_url":"https:\/\/proactiveoffice.com\/en\/iniciativas\/","og_site_name":"ProactiveOffice.com","article_modified_time":"2022-05-31T00:33:45+00:00","twitter_card":"summary_large_image","twitter_misc":{"Est. reading time":"2 minutes"},"schema":{"@context":"https:\/\/schema.org","@graph":[{"@type":"WebPage","@id":"https:\/\/proactiveoffice.com\/en\/iniciativas\/","url":"https:\/\/proactiveoffice.com\/en\/iniciativas\/","name":"Iniciativas - ProactiveOffice.com","isPartOf":{"@id":"https:\/\/proactiveoffice.com\/#website"},"datePublished":"2017-11-02T14:58:35+00:00","dateModified":"2022-05-31T00:33:45+00:00","breadcrumb":{"@id":"https:\/\/proactiveoffice.com\/en\/iniciativas\/#breadcrumb"},"inLanguage":"en-US","potentialAction":[{"@type":"ReadAction","target":["https:\/\/proactiveoffice.com\/en\/iniciativas\/"]}]},{"@type":"BreadcrumbList","@id":"https:\/\/proactiveoffice.com\/en\/iniciativas\/#breadcrumb","itemListElement":[{"@type":"ListItem","position":1,"name":"Home","item":"https:\/\/proactiveoffice.com\/en\/"},{"@type":"ListItem","position":2,"name":"Iniciativas"}]},{"@type":"WebSite","@id":"https:\/\/proactiveoffice.com\/#website","url":"https:\/\/proactiveoffice.com\/","name":"ProactiveOffice.com","description":"El m\u00e1s simple y adaptable software de gesti\u00f3n de proyectos on-line, que provee eficiencia y proactividad a iniciativas, proyectos y contratos.","potentialAction":[{"@type":"SearchAction","target":{"@type":"EntryPoint","urlTemplate":"https:\/\/proactiveoffice.com\/?s={search_term_string}"},"query-input":{"@type":"PropertyValueSpecification","valueRequired":true,"valueName":"search_term_string"}}],"inLanguage":"en-US"}]}},"_links":{"self":[{"href":"https:\/\/proactiveoffice.com\/en\/wp-json\/wp\/v2\/pages\/5088","targetHints":{"allow":["GET"]}}],"collection":[{"href":"https:\/\/proactiveoffice.com\/en\/wp-json\/wp\/v2\/pages"}],"about":[{"href":"https:\/\/proactiveoffice.com\/en\/wp-json\/wp\/v2\/types\/page"}],"author":[{"embeddable":true,"href":"https:\/\/proactiveoffice.com\/en\/wp-json\/wp\/v2\/users\/2"}],"replies":[{"embeddable":true,"href":"https:\/\/proactiveoffice.com\/en\/wp-json\/wp\/v2\/comments?post=5088"}],"version-history":[{"count":5,"href":"https:\/\/proactiveoffice.com\/en\/wp-json\/wp\/v2\/pages\/5088\/revisions"}],"predecessor-version":[{"id":6677,"href":"https:\/\/proactiveoffice.com\/en\/wp-json\/wp\/v2\/pages\/5088\/revisions\/6677"}],"wp:attachment":[{"href":"https:\/\/proactiveoffice.com\/en\/wp-json\/wp\/v2\/media?parent=5088"}],"curies":[{"name":"wp","href":"https:\/\/api.w.org\/{rel}","templated":true}]}}