{"id":5326,"date":"2018-08-16T09:25:26","date_gmt":"2018-08-16T13:25:26","guid":{"rendered":"https:\/\/proactiveoffice.com\/?page_id=5326\/"},"modified":"2019-05-10T17:09:24","modified_gmt":"2019-05-10T21:09:24","slug":"companhia","status":"publish","type":"page","link":"https:\/\/proactiveoffice.com\/pt-br\/companhia\/","title":{"rendered":"Companhia"},"content":{"rendered":"\n\n  <div class=\"banner has-hover\" id=\"banner-1927449465\">\n          <div class=\"banner-inner fill\">\n        <div class=\"banner-bg fill\" >\n            <img loading=\"lazy\" decoding=\"async\" width=\"2000\" height=\"1000\" src=\"https:\/\/proactiveoffice.com\/wp-content\/uploads\/2017\/11\/o-HAPPY-MOUNTAIN-facebook-1.jpg\" class=\"bg attachment-original size-original\" alt=\"\" \/>                        <div class=\"overlay\"><\/div>            \n                    <\/div>\n\t\t\n        <div class=\"banner-layers container\">\n            <div class=\"fill banner-link\"><\/div>            \n\n   <div id=\"text-box-1732216642\" class=\"text-box banner-layer x50 md-x50 lg-x50 y50 md-y50 lg-y50 res-text\">\n                                <div class=\"text-box-content text dark\">\n              \n              <div class=\"text-inner text-center\">\n                  \n\n<h3 class=\"uppercase\">nossa empresa<\/h3>\n\n              <\/div>\n           <\/div>\n                            \n<style>\n#text-box-1732216642 {\n  width: 60%;\n}\n#text-box-1732216642 .text-box-content {\n  font-size: 100%;\n}\n<\/style>\n    <\/div>\n \n\n        <\/div>\n      <\/div>\n\n            \n<style>\n#banner-1927449465 {\n  padding-top: 300px;\n}\n#banner-1927449465 .overlay {\n  background-color: rgba(0, 0, 0, 0.5);\n}\n#banner-1927449465 .banner-bg img {\n  object-position: 41% 96%;\n}\n<\/style>\n  <\/div>\n\n\n\n\t<section class=\"section\" id=\"section_1234175441\">\n\t\t<div class=\"section-bg fill\" >\n\t\t\t\t\t\t\t\t\t<div class=\"section-bg-overlay absolute fill\"><\/div>\n\t\t\t\n\n\t\t<\/div>\n\n\t\t\n\n\t\t<div class=\"section-content relative\">\n\t\t\t\n\n<div class=\"row row-collapse align-center\"  id=\"row-206694035\">\n\n\n\t<div id=\"col-2039725212\" class=\"col medium-10 small-12 large-10\"  >\n\t\t\t\t<div class=\"col-inner text-center\"  >\n\t\t\t\n\t\t\t\n\n<h2>Somos uma equipe experiente na cria\u00e7\u00e3o, desenvolvimento e aplica\u00e7\u00e3o de tecnologias e internet, gerenciamento de projetos e inova\u00e7\u00e3o.<\/h2>\n<p><strong>O ProactiveOffice<\/strong> \u00e9 o resultado de 25 anos de experi\u00eancia em neg\u00f3cios visando a cria\u00e7\u00e3o e implementa\u00e7\u00e3o de sistemas de alta disponibilidade em conjunto com a administra\u00e7\u00e3o atrav\u00e9s de objetivos e projetos de seus fundadores originais, materializados nesta plataforma <strong>&#8220;Software as a Service&#8221; capaz de oferecer transforma\u00e7\u00e3o digital de gerenciamento de projetos e opera\u00e7\u00f5es<\/strong><\/p>\n\n\t\t<\/div>\n\t\t\t\t\n<style>\n#col-2039725212 > .col-inner {\n  padding: 50px 0px 50px 0px;\n}\n<\/style>\n\t<\/div>\n\n\t\n\n\t<div id=\"col-1472564597\" class=\"col medium-9 large-9\"  >\n\t\t\t\t<div class=\"col-inner\"  >\n\t\t\t\n\t\t\t\n\n\t<div class=\"img has-hover x md-x lg-x y md-y lg-y\" id=\"image_1366101953\">\n\t\t\t\t\t\t\t\t<div class=\"img-inner dark\" >\n\t\t\t<img loading=\"lazy\" decoding=\"async\" width=\"1020\" height=\"534\" src=\"https:\/\/proactiveoffice.com\/wp-content\/uploads\/2018\/07\/Creative-Team-1024x536.jpg\" class=\"attachment-large size-large\" alt=\"\" srcset=\"https:\/\/proactiveoffice.com\/wp-content\/uploads\/2018\/07\/Creative-Team-1024x536.jpg 1024w, https:\/\/proactiveoffice.com\/wp-content\/uploads\/2018\/07\/Creative-Team-300x157.jpg 300w, https:\/\/proactiveoffice.com\/wp-content\/uploads\/2018\/07\/Creative-Team-768x402.jpg 768w, https:\/\/proactiveoffice.com\/wp-content\/uploads\/2018\/07\/Creative-Team.jpg 1199w\" sizes=\"auto, (max-width: 1020px) 100vw, 1020px\" \/>\t\t\t\t\t\t\n\t\t\t\t\t<\/div>\n\t\t\t\t\t\t\t\t\n<style>\n#image_1366101953 {\n  width: 100%;\n}\n<\/style>\n\t<\/div>\n\t\n\n<p style=\"text-align: center;\">Nossa equipe executiva conta com a participa\u00e7\u00e3o direta e dedicada de seus fundadores que dirigem e executam contribuindo com sua vasta experi\u00eancia nas \u00e1reas de Engenharia, Comercial e Operacional, respectivamente, focando em agregar valor simultaneamente a seus clientes e ao n\u00facleo de sua plataforma.<\/p>\n<p style=\"text-align: center;\">A empresa valoriza a constru\u00e7\u00e3o de valor nos modelos de neg\u00f3cios pr\u00f3prios de cada empresa e oferece aos seus clientes uma solu\u00e7\u00e3o totalmente terceirizada para os sistemas que oferece, tamb\u00e9m conta com o suporte terceirizado para servi\u00e7os n\u00e3o inerentes ao modelo de neg\u00f3cio principal, apoiando-se por estes efeitos em 2 empresas chilenas que se caracterizam pelo seu grande desenvolvimento tecnol\u00f3gico e reconhecimento nacional, que sempre se destacaram por sua capacidade t\u00e9cnica e inova\u00e7\u00f5es em todas as \u00e1reas da Tecnologia da Informa\u00e7\u00e3o.<\/p>\n\n\t\t<\/div>\n\t\t\t\t\t<\/div>\n\n\t\n\n<\/div>\n\n\t\t<\/div>\n\n\t\t\n<style>\n#section_1234175441 {\n  padding-top: 0px;\n  padding-bottom: 0px;\n}\n#section_1234175441 .section-bg-overlay {\n  background-color: rgba(255, 255, 255, 0.85);\n}\n<\/style>\n\t<\/section>\n\t\n\t<div id=\"gap-1633779052\" class=\"gap-element clearfix\" style=\"display:block; height:auto;\">\n\t\t\n<style>\n#gap-1633779052 {\n  padding-top: 30px;\n}\n<\/style>\n\t<\/div>\n\t\n\n\n  <div class=\"banner has-hover has-parallax\" id=\"banner-1112432838\">\n          <div class=\"banner-inner fill\">\n        <div class=\"banner-bg fill\" data-parallax=\"-1\" data-parallax-container=\".banner\" data-parallax-background>\n            <img loading=\"lazy\" decoding=\"async\" width=\"1020\" height=\"679\" src=\"https:\/\/proactiveoffice.com\/wp-content\/uploads\/2017\/11\/hero_img_1-1-1024x682.jpg\" class=\"bg attachment-large size-large\" alt=\"\" \/>                        <div class=\"overlay\"><\/div>            \n                    <\/div>\n\t\t\n        <div class=\"banner-layers container\">\n            <div class=\"fill banner-link\"><\/div>            \n\n   <div id=\"text-box-599717693\" class=\"text-box banner-layer x50 md-x50 lg-x50 y50 md-y50 lg-y50 res-text\">\n                                <div class=\"text-box-content text dark\">\n              \n              <div class=\"text-inner text-center\">\n                  \n\n\t<div id=\"gap-2075225318\" class=\"gap-element clearfix\" style=\"display:block; height:auto;\">\n\t\t\n<style>\n#gap-2075225318 {\n  padding-top: 10px;\n}\n<\/style>\n\t<\/div>\n\t\n\n<p class=\"uppercase\"><span style=\"font-size: 12.96px;\"><b>Pronto para experimentar o Proactiveoffice?<\/b><\/span><\/p>\n<h2><strong>Solicitar Teste<\/strong><\/h2>\n<p>Para empresas que possuem 10 ou mais projetos ativos ou contratos ativos;<br \/>\nO ProactiveOffice oferece uma avalia\u00e7\u00e3o por 20 dias para consolidar, visualizar e assumir o controle do seu portf\u00f3lio.<\/p>\n<p>&nbsp;<\/p>\n\t<div id=\"gap-1340203220\" class=\"gap-element clearfix\" style=\"display:block; height:auto;\">\n\t\t\n<style>\n#gap-1340203220 {\n  padding-top: 10px;\n}\n<\/style>\n\t<\/div>\n\t\n\n<a href=\"http:\/\/www.proactiveoffice.com\/solicitud\/demo-br.html\" class=\"button secondary\" >\n\t\t<span>Teste<\/span>\n\t<\/a>\n\n\n\n              <\/div>\n           <\/div>\n                            \n<style>\n#text-box-599717693 {\n  width: 85%;\n}\n#text-box-599717693 .text-box-content {\n  font-size: 100%;\n}\n@media (min-width:550px) {\n  #text-box-599717693 {\n    width: 67%;\n  }\n}\n@media (min-width:850px) {\n  #text-box-599717693 {\n    width: 51%;\n  }\n}\n<\/style>\n    <\/div>\n \n\n        <\/div>\n      <\/div>\n\n            \n<style>\n#banner-1112432838 {\n  padding-top: 330px;\n}\n#banner-1112432838 .overlay {\n  background-color: rgba(0, 0, 0, 0.74);\n}\n#banner-1112432838 .banner-bg img {\n  object-position: 7% 64%;\n}\n@media (min-width:550px) {\n  #banner-1112432838 {\n    padding-top: 400px;\n  }\n}\n<\/style>\n  <\/div>\n\n\n\n\n","protected":false},"excerpt":{"rendered":"","protected":false},"author":8,"featured_media":0,"parent":0,"menu_order":0,"comment_status":"closed","ping_status":"closed","template":"page-blank.php","meta":{"footnotes":""},"class_list":["post-5326","page","type-page","status-publish","hentry"],"yoast_head":"<!-- This site is optimized with the Yoast SEO plugin v27.3 - https:\/\/yoast.com\/product\/yoast-seo-wordpress\/ -->\n<title>Companhia - ProactiveOffice.com<\/title>\n<meta name=\"robots\" content=\"index, follow, max-snippet:-1, max-image-preview:large, max-video-preview:-1\" \/>\n<link rel=\"canonical\" href=\"https:\/\/proactiveoffice.com\/pt-br\/companhia\/\" \/>\n<meta property=\"og:locale\" content=\"pt_BR\" \/>\n<meta property=\"og:type\" content=\"article\" \/>\n<meta property=\"og:title\" content=\"Companhia - ProactiveOffice.com\" \/>\n<meta property=\"og:url\" content=\"https:\/\/proactiveoffice.com\/pt-br\/companhia\/\" \/>\n<meta property=\"og:site_name\" content=\"ProactiveOffice.com\" \/>\n<meta property=\"article:modified_time\" content=\"2019-05-10T21:09:24+00:00\" \/>\n<meta name=\"twitter:card\" content=\"summary_large_image\" \/>\n<meta name=\"twitter:label1\" content=\"Est. tempo de leitura\" \/>\n\t<meta name=\"twitter:data1\" content=\"1 minuto\" \/>\n<script type=\"application\/ld+json\" class=\"yoast-schema-graph\">{\"@context\":\"https:\\\/\\\/schema.org\",\"@graph\":[{\"@type\":\"WebPage\",\"@id\":\"https:\\\/\\\/proactiveoffice.com\\\/pt-br\\\/companhia\\\/\",\"url\":\"https:\\\/\\\/proactiveoffice.com\\\/pt-br\\\/companhia\\\/\",\"name\":\"Companhia - ProactiveOffice.com\",\"isPartOf\":{\"@id\":\"https:\\\/\\\/proactiveoffice.com\\\/#website\"},\"datePublished\":\"2018-08-16T13:25:26+00:00\",\"dateModified\":\"2019-05-10T21:09:24+00:00\",\"breadcrumb\":{\"@id\":\"https:\\\/\\\/proactiveoffice.com\\\/pt-br\\\/companhia\\\/#breadcrumb\"},\"inLanguage\":\"pt-BR\",\"potentialAction\":[{\"@type\":\"ReadAction\",\"target\":[\"https:\\\/\\\/proactiveoffice.com\\\/pt-br\\\/companhia\\\/\"]}]},{\"@type\":\"BreadcrumbList\",\"@id\":\"https:\\\/\\\/proactiveoffice.com\\\/pt-br\\\/companhia\\\/#breadcrumb\",\"itemListElement\":[{\"@type\":\"ListItem\",\"position\":1,\"name\":\"Home\",\"item\":\"https:\\\/\\\/proactiveoffice.com\\\/pt-br\\\/\"},{\"@type\":\"ListItem\",\"position\":2,\"name\":\"Companhia\"}]},{\"@type\":\"WebSite\",\"@id\":\"https:\\\/\\\/proactiveoffice.com\\\/#website\",\"url\":\"https:\\\/\\\/proactiveoffice.com\\\/\",\"name\":\"ProactiveOffice.com\",\"description\":\"El m\u00e1s simple y adaptable software de gesti\u00f3n de proyectos on-line, que provee eficiencia y proactividad a iniciativas, proyectos y contratos.\",\"potentialAction\":[{\"@type\":\"SearchAction\",\"target\":{\"@type\":\"EntryPoint\",\"urlTemplate\":\"https:\\\/\\\/proactiveoffice.com\\\/?s={search_term_string}\"},\"query-input\":{\"@type\":\"PropertyValueSpecification\",\"valueRequired\":true,\"valueName\":\"search_term_string\"}}],\"inLanguage\":\"pt-BR\"}]}<\/script>\n<!-- \/ Yoast SEO plugin. -->","yoast_head_json":{"title":"Companhia - ProactiveOffice.com","robots":{"index":"index","follow":"follow","max-snippet":"max-snippet:-1","max-image-preview":"max-image-preview:large","max-video-preview":"max-video-preview:-1"},"canonical":"https:\/\/proactiveoffice.com\/pt-br\/companhia\/","og_locale":"pt_BR","og_type":"article","og_title":"Companhia - ProactiveOffice.com","og_url":"https:\/\/proactiveoffice.com\/pt-br\/companhia\/","og_site_name":"ProactiveOffice.com","article_modified_time":"2019-05-10T21:09:24+00:00","twitter_card":"summary_large_image","twitter_misc":{"Est. tempo de leitura":"1 minuto"},"schema":{"@context":"https:\/\/schema.org","@graph":[{"@type":"WebPage","@id":"https:\/\/proactiveoffice.com\/pt-br\/companhia\/","url":"https:\/\/proactiveoffice.com\/pt-br\/companhia\/","name":"Companhia - ProactiveOffice.com","isPartOf":{"@id":"https:\/\/proactiveoffice.com\/#website"},"datePublished":"2018-08-16T13:25:26+00:00","dateModified":"2019-05-10T21:09:24+00:00","breadcrumb":{"@id":"https:\/\/proactiveoffice.com\/pt-br\/companhia\/#breadcrumb"},"inLanguage":"pt-BR","potentialAction":[{"@type":"ReadAction","target":["https:\/\/proactiveoffice.com\/pt-br\/companhia\/"]}]},{"@type":"BreadcrumbList","@id":"https:\/\/proactiveoffice.com\/pt-br\/companhia\/#breadcrumb","itemListElement":[{"@type":"ListItem","position":1,"name":"Home","item":"https:\/\/proactiveoffice.com\/pt-br\/"},{"@type":"ListItem","position":2,"name":"Companhia"}]},{"@type":"WebSite","@id":"https:\/\/proactiveoffice.com\/#website","url":"https:\/\/proactiveoffice.com\/","name":"ProactiveOffice.com","description":"El m\u00e1s simple y adaptable software de gesti\u00f3n de proyectos on-line, que provee eficiencia y proactividad a iniciativas, proyectos y contratos.","potentialAction":[{"@type":"SearchAction","target":{"@type":"EntryPoint","urlTemplate":"https:\/\/proactiveoffice.com\/?s={search_term_string}"},"query-input":{"@type":"PropertyValueSpecification","valueRequired":true,"valueName":"search_term_string"}}],"inLanguage":"pt-BR"}]}},"_links":{"self":[{"href":"https:\/\/proactiveoffice.com\/pt-br\/wp-json\/wp\/v2\/pages\/5326","targetHints":{"allow":["GET"]}}],"collection":[{"href":"https:\/\/proactiveoffice.com\/pt-br\/wp-json\/wp\/v2\/pages"}],"about":[{"href":"https:\/\/proactiveoffice.com\/pt-br\/wp-json\/wp\/v2\/types\/page"}],"author":[{"embeddable":true,"href":"https:\/\/proactiveoffice.com\/pt-br\/wp-json\/wp\/v2\/users\/8"}],"replies":[{"embeddable":true,"href":"https:\/\/proactiveoffice.com\/pt-br\/wp-json\/wp\/v2\/comments?post=5326"}],"version-history":[{"count":3,"href":"https:\/\/proactiveoffice.com\/pt-br\/wp-json\/wp\/v2\/pages\/5326\/revisions"}],"predecessor-version":[{"id":5717,"href":"https:\/\/proactiveoffice.com\/pt-br\/wp-json\/wp\/v2\/pages\/5326\/revisions\/5717"}],"wp:attachment":[{"href":"https:\/\/proactiveoffice.com\/pt-br\/wp-json\/wp\/v2\/media?parent=5326"}],"curies":[{"name":"wp","href":"https:\/\/api.w.org\/{rel}","templated":true}]}}