{"id":5345,"date":"2018-08-29T14:46:01","date_gmt":"2018-08-29T18:46:01","guid":{"rendered":"https:\/\/proactiveoffice.com\/?page_id=5345\/"},"modified":"2019-04-18T14:10:33","modified_gmt":"2019-04-18T18:10:33","slug":"experiencias","status":"publish","type":"page","link":"https:\/\/proactiveoffice.com\/pt-br\/experiencias\/","title":{"rendered":"Experi\u00eancias"},"content":{"rendered":"\n  <div class=\"banner has-hover has-parallax\" id=\"banner-1600410220\">\n          <div class=\"banner-inner fill\">\n        <div class=\"banner-bg fill\" data-parallax=\"-5\" data-parallax-container=\".banner\" data-parallax-background>\n            <img loading=\"lazy\" decoding=\"async\" width=\"2000\" height=\"1000\" src=\"https:\/\/proactiveoffice.com\/wp-content\/uploads\/2017\/11\/o-HAPPY-MOUNTAIN-facebook.jpg\" class=\"bg attachment-orginal size-orginal\" alt=\"\" \/>                        <div class=\"overlay\"><\/div>            \n                    <\/div>\n\t\t\n        <div class=\"banner-layers container\">\n            <div class=\"fill banner-link\"><\/div>            \n   <div id=\"text-box-1936955918\" class=\"text-box banner-layer x50 md-x50 lg-x50 y50 md-y50 lg-y50 res-text\">\n                                <div class=\"text-box-content text dark\">\n              \n              <div class=\"text-inner text-center\">\n                  \n<h1 class=\"bigmdfh1\">Experi\u00eancias<\/h1>\n<p class=\"fancyh2\">ProactiveOffice posee experiencia en las mas complejas industrias, dentro de estas organizaciones la implementaci\u00f3n de la plataforma de direcci\u00f3n y gesti\u00f3n de proyectos se transforma en un generador de eficiencia y proactividad comprobable con m\u00e9tricas exactas obtenidas directamente desde los datos ingresados directamente desde el origen.<\/p>\n<p>O ProactiveOffice possui experi\u00eancia nas mais complexas ind\u00fastrias, dentro dessas organiza\u00e7\u00f5es a implementa\u00e7\u00e3o da plataforma de Dire\u00e7\u00e3o e Gerenciamento de projetos torna-se um gerador proativo e eficiente verific\u00e1vel de m\u00e9tricas exatas obtidas diretamente dos dados inseridos da origem.<\/p>\n              <\/div>\n           <\/div>\n                            \n<style>\n#text-box-1936955918 {\n  width: 60%;\n}\n#text-box-1936955918 .text-box-content {\n  font-size: 100%;\n}\n<\/style>\n    <\/div>\n \n        <\/div>\n      <\/div>\n\n            \n<style>\n#banner-1600410220 {\n  padding-top: 350px;\n}\n#banner-1600410220 .overlay {\n  background-color: rgba(0, 0, 0, 0.5);\n}\n#banner-1600410220 .banner-bg img {\n  object-position: 61% 0%;\n}\n<\/style>\n  <\/div>\n\n\n<div class=\"message-box relative dark\" style=\"padding-top:28px;padding-bottom:28px;\"><div class=\"message-box-bg-image bg-fill fill\" ><\/div><div class=\"message-box-bg-overlay bg-fill fill\" style=\"background-color:rgb(67, 121, 164);\"><\/div><div class=\"container relative\"><div class=\"inner last-reset\">\n<div class=\"row align-middle align-center\"  id=\"row-578284392\">\n\n\t<div id=\"col-1694464092\" class=\"col medium-9 small-12 large-9\"  >\n\t\t\t\t<div class=\"col-inner\"  >\n\t\t\t\n\t\t\t\n<p style=\"text-align: center;\">N\u00f3s constru\u00edmos um n\u00facleo de funcionalidades baseadas nas melhores pr\u00e1ticas e padr\u00f5es globais. Essas experi\u00eancias s\u00e3o enriquecidas com as contribui\u00e7\u00f5es de nossos clientes e podem ser disponibilizadas (ou n\u00e3o) para aqueles que se juntam \u00e0 nossa plataforma.<\/p>\n\t\t<\/div>\n\t\t\t\t\t<\/div>\n\n\t\n\n\t<div id=\"col-787194988\" class=\"col medium-2 small-12 large-2\"  >\n\t\t\t\t<div class=\"col-inner text-center\"  >\n\t\t\t\n\t\t\t\n<a href=\"http:\/\/www.proactiveoffice.com\/contacto\/\" class=\"button white is-outline expand\" style=\"border-radius:99px;\">\n\t\t<span>PIDE TU DEMO<\/span>\n\t<\/a>\n\n\t\t<\/div>\n\t\t\t\t\t<\/div>\n\n\t\n<\/div>\n<\/div><\/div><\/div>\n\n\t<section class=\"section dark\" id=\"section_534093014\">\n\t\t<div class=\"section-bg fill\" >\n\t\t\t<img loading=\"lazy\" decoding=\"async\" width=\"2560\" height=\"1440\" src=\"https:\/\/proactiveoffice.com\/wp-content\/uploads\/2017\/11\/Polygon-Wallpaper-3376.jpg\" class=\"bg attachment- size-\" alt=\"\" \/>\t\t\t\t\t\t<div class=\"section-bg-overlay absolute fill\"><\/div>\n\t\t\t\n\n\t\t<\/div>\n\n\t\t\n\n\t\t<div class=\"section-content relative\">\n\t\t\t\n<div class=\"nav-wrapper\"><ul class=\"nav nav-uppercase nav-horizontal nav-size-xlarge nav-pills text-center nav-center\"><p class=\"lead shortcode-error text-center\">Sorry, no pages was found<\/p><\/ul><\/div>\n\t\t<\/div>\n\n\t\t\n<style>\n#section_534093014 {\n  padding-top: 30px;\n  padding-bottom: 30px;\n}\n#section_534093014 .section-bg-overlay {\n  background-color: rgba(3, 139, 203, 0.63);\n}\n#section_534093014 .section-bg img {\n  object-position: 56% 61%;\n}\n<\/style>\n\t<\/section>\n\t\n\n  <div class=\"banner has-hover has-parallax\" id=\"banner-1105695384\">\n          <div class=\"banner-inner fill\">\n        <div class=\"banner-bg fill\" data-parallax=\"-1\" data-parallax-container=\".banner\" data-parallax-background>\n            <img loading=\"lazy\" decoding=\"async\" width=\"1020\" height=\"679\" src=\"https:\/\/proactiveoffice.com\/wp-content\/uploads\/2017\/11\/hero_img_1-1-1024x682.jpg\" class=\"bg attachment-large size-large\" alt=\"\" \/>                        <div class=\"overlay\"><\/div>            \n                    <\/div>\n\t\t\n        <div class=\"banner-layers container\">\n            <div class=\"fill banner-link\"><\/div>            \n\n   <div id=\"text-box-532395420\" class=\"text-box banner-layer x50 md-x50 lg-x50 y50 md-y50 lg-y50 res-text\">\n                                <div class=\"text-box-content text dark\">\n              \n              <div class=\"text-inner text-center\">\n                  \n\n\t<div id=\"gap-1619010284\" class=\"gap-element clearfix\" style=\"display:block; height:auto;\">\n\t\t\n<style>\n#gap-1619010284 {\n  padding-top: 10px;\n}\n<\/style>\n\t<\/div>\n\t\n\n<p class=\"uppercase\"><span style=\"font-size: 12.96px;\"><b>Pronto para experimentar o Proactiveoffice?<\/b><\/span><\/p>\n<h2><strong>Solicitar Teste<\/strong><\/h2>\n<p>Para empresas que possuem 10 ou mais projetos ativos ou contratos ativos;<br \/>\nO ProactiveOffice oferece uma avalia\u00e7\u00e3o por 20 dias para consolidar, visualizar e assumir o controle do seu portf\u00f3lio.<\/p>\n<p>&nbsp;<\/p>\n\t<div id=\"gap-706783149\" class=\"gap-element clearfix\" style=\"display:block; height:auto;\">\n\t\t\n<style>\n#gap-706783149 {\n  padding-top: 10px;\n}\n<\/style>\n\t<\/div>\n\t\n\n<a href=\"http:\/\/www.proactiveoffice.com\/solicitud\/demo-br.html\" class=\"button secondary\" >\n\t\t<span>Teste<\/span>\n\t<\/a>\n\n\n\n              <\/div>\n           <\/div>\n                            \n<style>\n#text-box-532395420 {\n  width: 85%;\n}\n#text-box-532395420 .text-box-content {\n  font-size: 100%;\n}\n@media (min-width:550px) {\n  #text-box-532395420 {\n    width: 67%;\n  }\n}\n@media (min-width:850px) {\n  #text-box-532395420 {\n    width: 51%;\n  }\n}\n<\/style>\n    <\/div>\n \n\n        <\/div>\n      <\/div>\n\n            \n<style>\n#banner-1105695384 {\n  padding-top: 330px;\n}\n#banner-1105695384 .overlay {\n  background-color: rgba(0, 0, 0, 0.74);\n}\n#banner-1105695384 .banner-bg img {\n  object-position: 7% 64%;\n}\n@media (min-width:550px) {\n  #banner-1105695384 {\n    padding-top: 400px;\n  }\n}\n<\/style>\n  <\/div>\n\n\n","protected":false},"excerpt":{"rendered":"","protected":false},"author":8,"featured_media":0,"parent":0,"menu_order":0,"comment_status":"closed","ping_status":"closed","template":"page-blank.php","meta":{"footnotes":""},"class_list":["post-5345","page","type-page","status-publish","hentry"],"yoast_head":"<!-- This site is optimized with the Yoast SEO plugin v27.3 - https:\/\/yoast.com\/product\/yoast-seo-wordpress\/ -->\n<title>Experi\u00eancias - ProactiveOffice.com<\/title>\n<meta name=\"robots\" content=\"index, follow, max-snippet:-1, max-image-preview:large, max-video-preview:-1\" \/>\n<link rel=\"canonical\" href=\"https:\/\/proactiveoffice.com\/pt-br\/experiencias\/\" \/>\n<meta property=\"og:locale\" content=\"pt_BR\" \/>\n<meta property=\"og:type\" content=\"article\" \/>\n<meta property=\"og:title\" content=\"Experi\u00eancias - ProactiveOffice.com\" \/>\n<meta property=\"og:url\" content=\"https:\/\/proactiveoffice.com\/pt-br\/experiencias\/\" \/>\n<meta property=\"og:site_name\" content=\"ProactiveOffice.com\" \/>\n<meta property=\"article:modified_time\" content=\"2019-04-18T18:10:33+00:00\" \/>\n<meta name=\"twitter:card\" content=\"summary_large_image\" \/>\n<meta name=\"twitter:label1\" content=\"Est. tempo de leitura\" \/>\n\t<meta name=\"twitter:data1\" content=\"1 minuto\" \/>\n<script type=\"application\/ld+json\" class=\"yoast-schema-graph\">{\"@context\":\"https:\\\/\\\/schema.org\",\"@graph\":[{\"@type\":\"WebPage\",\"@id\":\"https:\\\/\\\/proactiveoffice.com\\\/pt-br\\\/experiencias\\\/\",\"url\":\"https:\\\/\\\/proactiveoffice.com\\\/pt-br\\\/experiencias\\\/\",\"name\":\"Experi\u00eancias - ProactiveOffice.com\",\"isPartOf\":{\"@id\":\"https:\\\/\\\/proactiveoffice.com\\\/#website\"},\"datePublished\":\"2018-08-29T18:46:01+00:00\",\"dateModified\":\"2019-04-18T18:10:33+00:00\",\"breadcrumb\":{\"@id\":\"https:\\\/\\\/proactiveoffice.com\\\/pt-br\\\/experiencias\\\/#breadcrumb\"},\"inLanguage\":\"pt-BR\",\"potentialAction\":[{\"@type\":\"ReadAction\",\"target\":[\"https:\\\/\\\/proactiveoffice.com\\\/pt-br\\\/experiencias\\\/\"]}]},{\"@type\":\"BreadcrumbList\",\"@id\":\"https:\\\/\\\/proactiveoffice.com\\\/pt-br\\\/experiencias\\\/#breadcrumb\",\"itemListElement\":[{\"@type\":\"ListItem\",\"position\":1,\"name\":\"Home\",\"item\":\"https:\\\/\\\/proactiveoffice.com\\\/pt-br\\\/\"},{\"@type\":\"ListItem\",\"position\":2,\"name\":\"Experi\u00eancias\"}]},{\"@type\":\"WebSite\",\"@id\":\"https:\\\/\\\/proactiveoffice.com\\\/#website\",\"url\":\"https:\\\/\\\/proactiveoffice.com\\\/\",\"name\":\"ProactiveOffice.com\",\"description\":\"El m\u00e1s simple y adaptable software de gesti\u00f3n de proyectos on-line, que provee eficiencia y proactividad a iniciativas, proyectos y contratos.\",\"potentialAction\":[{\"@type\":\"SearchAction\",\"target\":{\"@type\":\"EntryPoint\",\"urlTemplate\":\"https:\\\/\\\/proactiveoffice.com\\\/?s={search_term_string}\"},\"query-input\":{\"@type\":\"PropertyValueSpecification\",\"valueRequired\":true,\"valueName\":\"search_term_string\"}}],\"inLanguage\":\"pt-BR\"}]}<\/script>\n<!-- \/ Yoast SEO plugin. -->","yoast_head_json":{"title":"Experi\u00eancias - ProactiveOffice.com","robots":{"index":"index","follow":"follow","max-snippet":"max-snippet:-1","max-image-preview":"max-image-preview:large","max-video-preview":"max-video-preview:-1"},"canonical":"https:\/\/proactiveoffice.com\/pt-br\/experiencias\/","og_locale":"pt_BR","og_type":"article","og_title":"Experi\u00eancias - ProactiveOffice.com","og_url":"https:\/\/proactiveoffice.com\/pt-br\/experiencias\/","og_site_name":"ProactiveOffice.com","article_modified_time":"2019-04-18T18:10:33+00:00","twitter_card":"summary_large_image","twitter_misc":{"Est. tempo de leitura":"1 minuto"},"schema":{"@context":"https:\/\/schema.org","@graph":[{"@type":"WebPage","@id":"https:\/\/proactiveoffice.com\/pt-br\/experiencias\/","url":"https:\/\/proactiveoffice.com\/pt-br\/experiencias\/","name":"Experi\u00eancias - ProactiveOffice.com","isPartOf":{"@id":"https:\/\/proactiveoffice.com\/#website"},"datePublished":"2018-08-29T18:46:01+00:00","dateModified":"2019-04-18T18:10:33+00:00","breadcrumb":{"@id":"https:\/\/proactiveoffice.com\/pt-br\/experiencias\/#breadcrumb"},"inLanguage":"pt-BR","potentialAction":[{"@type":"ReadAction","target":["https:\/\/proactiveoffice.com\/pt-br\/experiencias\/"]}]},{"@type":"BreadcrumbList","@id":"https:\/\/proactiveoffice.com\/pt-br\/experiencias\/#breadcrumb","itemListElement":[{"@type":"ListItem","position":1,"name":"Home","item":"https:\/\/proactiveoffice.com\/pt-br\/"},{"@type":"ListItem","position":2,"name":"Experi\u00eancias"}]},{"@type":"WebSite","@id":"https:\/\/proactiveoffice.com\/#website","url":"https:\/\/proactiveoffice.com\/","name":"ProactiveOffice.com","description":"El m\u00e1s simple y adaptable software de gesti\u00f3n de proyectos on-line, que provee eficiencia y proactividad a iniciativas, proyectos y contratos.","potentialAction":[{"@type":"SearchAction","target":{"@type":"EntryPoint","urlTemplate":"https:\/\/proactiveoffice.com\/?s={search_term_string}"},"query-input":{"@type":"PropertyValueSpecification","valueRequired":true,"valueName":"search_term_string"}}],"inLanguage":"pt-BR"}]}},"_links":{"self":[{"href":"https:\/\/proactiveoffice.com\/pt-br\/wp-json\/wp\/v2\/pages\/5345","targetHints":{"allow":["GET"]}}],"collection":[{"href":"https:\/\/proactiveoffice.com\/pt-br\/wp-json\/wp\/v2\/pages"}],"about":[{"href":"https:\/\/proactiveoffice.com\/pt-br\/wp-json\/wp\/v2\/types\/page"}],"author":[{"embeddable":true,"href":"https:\/\/proactiveoffice.com\/pt-br\/wp-json\/wp\/v2\/users\/8"}],"replies":[{"embeddable":true,"href":"https:\/\/proactiveoffice.com\/pt-br\/wp-json\/wp\/v2\/comments?post=5345"}],"version-history":[{"count":3,"href":"https:\/\/proactiveoffice.com\/pt-br\/wp-json\/wp\/v2\/pages\/5345\/revisions"}],"predecessor-version":[{"id":5691,"href":"https:\/\/proactiveoffice.com\/pt-br\/wp-json\/wp\/v2\/pages\/5345\/revisions\/5691"}],"wp:attachment":[{"href":"https:\/\/proactiveoffice.com\/pt-br\/wp-json\/wp\/v2\/media?parent=5345"}],"curies":[{"name":"wp","href":"https:\/\/api.w.org\/{rel}","templated":true}]}}