{"id":5353,"date":"2018-09-04T15:21:46","date_gmt":"2018-09-04T19:21:46","guid":{"rendered":"https:\/\/proactiveoffice.com\/?page_id=5353\/"},"modified":"2018-09-04T15:21:46","modified_gmt":"2018-09-04T19:21:46","slug":"consultoras","status":"publish","type":"page","link":"https:\/\/proactiveoffice.com\/pt-br\/experiencias\/consultoras\/","title":{"rendered":"Consultoras"},"content":{"rendered":"\n  <div class=\"banner has-hover has-parallax\" id=\"banner-2127461263\">\n          <div class=\"banner-inner fill\">\n        <div class=\"banner-bg fill\" data-parallax=\"-4\" data-parallax-container=\".banner\" data-parallax-background>\n            <img loading=\"lazy\" decoding=\"async\" width=\"1600\" height=\"1000\" src=\"https:\/\/proactiveoffice.com\/wp-content\/uploads\/2017\/12\/consulting.jpg\" class=\"bg attachment-original size-original\" alt=\"\" \/>                        <div class=\"overlay\"><\/div>            \n                    <\/div>\n\t\t\n        <div class=\"banner-layers container\">\n            <div class=\"fill banner-link\"><\/div>            \n   <div id=\"text-box-881362076\" class=\"text-box banner-layer x50 md-x50 lg-x50 y50 md-y50 lg-y50 res-text\">\n                                <div class=\"text-box-content text dark\">\n              \n              <div class=\"text-inner text-center\">\n                  \n<h1 class=\"bigmdfh1\">Consultoras<\/h1>\n<p style=\"text-align: center;\">V\u00e1rias empresas do ramo de consultoria padronizaram e<br \/>\nsistematizou a execu\u00e7\u00e3o de seus projetos gra\u00e7as \u00e0 nossa plataforma.<\/p>\n              <\/div>\n           <\/div>\n                            \n<style>\n#text-box-881362076 {\n  width: 60%;\n}\n#text-box-881362076 .text-box-content {\n  font-size: 100%;\n}\n<\/style>\n    <\/div>\n \n        <\/div>\n      <\/div>\n\n            \n<style>\n#banner-2127461263 {\n  padding-top: 230px;\n}\n#banner-2127461263 .overlay {\n  background-color: rgba(0,0,0,.5);\n}\n#banner-2127461263 .banner-bg img {\n  object-position: 43% 29%;\n}\n<\/style>\n  <\/div>\n\n\n\n\t<section class=\"section dark\" id=\"section_1920335706\">\n\t\t<div class=\"section-bg fill\" >\n\t\t\t<img loading=\"lazy\" decoding=\"async\" width=\"2560\" height=\"1440\" src=\"https:\/\/proactiveoffice.com\/wp-content\/uploads\/2017\/11\/Polygon-Wallpaper-3376.jpg\" class=\"bg attachment- size-\" alt=\"\" \/>\t\t\t\t\t\t<div class=\"section-bg-overlay absolute fill\"><\/div>\n\t\t\t\n\n\t\t<\/div>\n\n\t\t\n\n\t\t<div class=\"section-content relative\">\n\t\t\t\n<div class=\"row\"  id=\"row-1214091457\">\n\n\t<div id=\"col-243066663\" class=\"col small-12 large-12\"  >\n\t\t\t\t<div class=\"col-inner\"  >\n\t\t\t\n\t\t\t\n<div class=\"nav-wrapper\"><ul class=\"nav nav-uppercase nav-horizontal nav-pills text-center nav-center\"><p class=\"lead shortcode-error text-center\">Sorry, no pages was found<\/p><\/ul><\/div>\n\t\t<\/div>\n\t\t\t\t\t<\/div>\n\n\t\n<\/div>\n\t\t<\/div>\n\n\t\t\n<style>\n#section_1920335706 {\n  padding-top: 30px;\n  padding-bottom: 30px;\n}\n#section_1920335706 .section-bg-overlay {\n  background-color: rgba(3, 139, 203, 0.63);\n}\n#section_1920335706 .section-bg img {\n  object-position: 56% 61%;\n}\n<\/style>\n\t<\/section>\n\t\n\n\t<section class=\"section\" id=\"section_1636582948\">\n\t\t<div class=\"section-bg fill\" >\n\t\t\t\t\t\t\t\t\t<div class=\"section-bg-overlay absolute fill\"><\/div>\n\t\t\t\n\n\t\t<\/div>\n\n\t\t\n\n\t\t<div class=\"section-content relative\">\n\t\t\t\n<div class=\"row row-large align-middle\"  id=\"row-629552379\">\n\n\t<div id=\"col-1691570277\" class=\"col medium-8 small-12 large-8\"  >\n\t\t\t\t<div class=\"col-inner text-left\"  >\n\t\t\t\n\t\t\t\n<h2 class=\"uppercase\">CDO Consulting Group<\/h2>\n<p>Este consultor com 30 anos de experi\u00eancia na gest\u00e3o integrada de pessoas, contou com o ProactiveOffice para o controle e cumprimento integral na execu\u00e7\u00e3o de seus projetos em suas diversas linhas de neg\u00f3cios.<\/p>\n\t\t<\/div>\n\t\t\t\t\t<\/div>\n\n\t\n\n\t<div id=\"col-912826356\" class=\"col medium-3 small-12 large-3\"  >\n\t\t\t\t<div class=\"col-inner\"  >\n\t\t\t\n\t\t\t\n\t<div class=\"img has-hover x md-x lg-x y md-y lg-y\" id=\"image_961898788\">\n\t\t\t\t\t\t\t\t<div class=\"img-inner dark\" >\n\t\t\t<img loading=\"lazy\" decoding=\"async\" width=\"100\" height=\"48\" src=\"https:\/\/proactiveoffice.com\/wp-content\/uploads\/2018\/06\/logo_cdo.png\" class=\"attachment-large size-large\" alt=\"\" \/>\t\t\t\t\t\t\n\t\t\t\t\t<\/div>\n\t\t\t\t\t\t\t\t\n<style>\n#image_961898788 {\n  width: 100%;\n}\n<\/style>\n\t<\/div>\n\t\n\t\t<\/div>\n\t\t\t\t\t<\/div>\n\n\t\n<\/div>\n\t\t<\/div>\n\n\t\t\n<style>\n#section_1636582948 {\n  padding-top: 30px;\n  padding-bottom: 30px;\n  background-color: rgb(255, 255, 255);\n}\n#section_1636582948 .section-bg-overlay {\n  background-color: rgba(255, 255, 255, 0.85);\n}\n<\/style>\n\t<\/section>\n\t\n\n\t<section class=\"section\" id=\"section_1504249440\">\n\t\t<div class=\"section-bg fill\" >\n\t\t\t\t\t\t\t\t\t<div class=\"section-bg-overlay absolute fill\"><\/div>\n\t\t\t\n\t<div class=\"is-border\"\n\t\tstyle=\"border-width:1px 0px 1px 0px;\">\n\t<\/div>\n\n\t\t<\/div>\n\n\t\t\n\n\t\t<div class=\"section-content relative\">\n\t\t\t\n<div class=\"row row-large align-middle\"  id=\"row-1373648593\">\n\n\t<div id=\"col-1353179872\" class=\"col medium-4 small-12 large-4\"  >\n\t\t\t\t<div class=\"col-inner\"  >\n\t\t\t\n\t\t\t\n\t<div class=\"img has-hover x md-x lg-x y md-y lg-y\" id=\"image_330604588\">\n\t\t\t\t\t\t\t\t<div class=\"img-inner dark\" >\n\t\t\t<img loading=\"lazy\" decoding=\"async\" width=\"234\" height=\"61\" src=\"https:\/\/proactiveoffice.com\/wp-content\/uploads\/2018\/06\/logo_geobiota.png\" class=\"attachment-large size-large\" alt=\"\" \/>\t\t\t\t\t\t\n\t\t\t\t\t<\/div>\n\t\t\t\t\t\t\t\t\n<style>\n#image_330604588 {\n  width: 100%;\n}\n<\/style>\n\t<\/div>\n\t\n\t\t<\/div>\n\t\t\t\t\t<\/div>\n\n\t\n\n\t<div id=\"col-1836730211\" class=\"col medium-8 small-12 large-8\"  >\n\t\t\t\t<div class=\"col-inner text-left\"  >\n\t\t\t\n\t\t\t\n<h2 class=\"uppercase\">geobiota<\/h2>\n<p>Esta empresa especializada em consultoria ambiental, incorporou em suas opera\u00e7\u00f5es a utiliza\u00e7\u00e3o da Plataforma de Gerenciamento de Projetos, para poder quantificar o esfor\u00e7o em horas-homem, dedicado por seus consultores a cada cliente e assim conhecer a rentabilidade dos projetos executados para os mesmos.<\/p>\n\t\t<\/div>\n\t\t\t\t\t<\/div>\n\n\t\n<\/div>\n\t\t<\/div>\n\n\t\t\n<style>\n#section_1504249440 {\n  padding-top: 30px;\n  padding-bottom: 30px;\n  background-color: rgb(193, 193, 193);\n}\n#section_1504249440 .section-bg-overlay {\n  background-color: rgba(255, 255, 255, 0.85);\n}\n<\/style>\n\t<\/section>\n\t\n\n\t<section class=\"section\" id=\"section_1327170335\">\n\t\t<div class=\"section-bg fill\" >\n\t\t\t\t\t\t\t\t\t<div class=\"section-bg-overlay absolute fill\"><\/div>\n\t\t\t\n\n\t\t<\/div>\n\n\t\t\n\n\t\t<div class=\"section-content relative\">\n\t\t\t\n<div class=\"row row-large align-middle\"  id=\"row-1293221707\">\n\n\t<div id=\"col-300307669\" class=\"col medium-9 small-12 large-9\"  >\n\t\t\t\t<div class=\"col-inner text-left\"  >\n\t\t\t\n\t\t\t\n<h2 class=\"uppercase\">SiSCAL<\/h2>\n<p>Empresa de consultoria de destaque, especialista na implementa\u00e7\u00e3o de sistemas de qualidade ISO-9001, padronizou seus processos de implementa\u00e7\u00e3o e consultoria para seus clientes utilizando a plataforma Proactiveoffice, utilizando modelos de projetos, monitorando on-line seus projetos e mantendo o controle de horas que seus consultores investem em cada projeto.<\/p>\n\t\t<\/div>\n\t\t\t\t\t<\/div>\n\n\t\n\n\t<div id=\"col-2003684920\" class=\"col medium-3 small-12 large-3\"  >\n\t\t\t\t<div class=\"col-inner\"  >\n\t\t\t\n\t\t\t\n\t<div class=\"img has-hover x md-x lg-x y md-y lg-y\" id=\"image_1255650876\">\n\t\t\t\t\t\t\t\t<div class=\"img-inner dark\" >\n\t\t\t<img loading=\"lazy\" decoding=\"async\" width=\"160\" height=\"55\" src=\"https:\/\/proactiveoffice.com\/wp-content\/uploads\/2018\/06\/logo_siscal.jpg\" class=\"attachment-large size-large\" alt=\"\" \/>\t\t\t\t\t\t\n\t\t\t\t\t<\/div>\n\t\t\t\t\t\t\t\t\n<style>\n#image_1255650876 {\n  width: 100%;\n}\n<\/style>\n\t<\/div>\n\t\n\t\t<\/div>\n\t\t\t\t\t<\/div>\n\n\t\n<\/div>\n\t\t<\/div>\n\n\t\t\n<style>\n#section_1327170335 {\n  padding-top: 30px;\n  padding-bottom: 30px;\n  background-color: rgb(255, 255, 255);\n}\n#section_1327170335 .section-bg-overlay {\n  background-color: rgba(255, 255, 255, 0.85);\n}\n<\/style>\n\t<\/section>\n\t\n\n  <div class=\"banner has-hover has-parallax\" id=\"banner-1848457225\">\n          <div class=\"banner-inner fill\">\n        <div class=\"banner-bg fill\" data-parallax=\"-1\" data-parallax-container=\".banner\" data-parallax-background>\n            <img loading=\"lazy\" decoding=\"async\" width=\"990\" height=\"660\" src=\"https:\/\/proactiveoffice.com\/wp-content\/uploads\/2018\/07\/hero_img_1.jpg\" class=\"bg attachment-large size-large\" alt=\"\" \/>                        <div class=\"overlay\"><\/div>            \n                    <\/div>\n\t\t\n        <div class=\"banner-layers container\">\n            <div class=\"fill banner-link\"><\/div>            \n\n   <div id=\"text-box-1574317966\" class=\"text-box banner-layer x50 md-x50 lg-x50 y50 md-y50 lg-y50 res-text\">\n                                <div class=\"text-box-content text dark\">\n              \n              <div class=\"text-inner text-center\">\n                  \n\n\t<div id=\"gap-2106812291\" class=\"gap-element clearfix\" style=\"display:block; height:auto;\">\n\t\t\n<style>\n#gap-2106812291 {\n  padding-top: 10px;\n}\n<\/style>\n\t<\/div>\n\t\n\n<p class=\"uppercase\"><span style=\"font-size: 12.96px;\"><b>\u00bfEst\u00e1s listo para conocer ProactiveOffice?<\/b><\/span><\/p>\n<h2><strong>Solicite su Demo<\/strong><\/h2>\n<p><span style=\"font-size: 95%;\">Para empresas que poseen 10 o m\u00e1s proyectos o contratos activos;<br \/>\nProactiveOffice ofrece una demostraci\u00f3n por 20 d\u00edas para consolidar, visualizar y asumir el control de su portafolio.<br \/><\/span><\/p>\n\t<div id=\"gap-564602174\" class=\"gap-element clearfix\" style=\"display:block; height:auto;\">\n\t\t\n<style>\n#gap-564602174 {\n  padding-top: 10px;\n}\n<\/style>\n\t<\/div>\n\t\n\n<a href=\"http:\/\/www.proactiveoffice.com\/solicitud\/demo.html\" class=\"button secondary\" >\n\t\t<span>DEMO<\/span>\n\t<\/a>\n\n\n\n              <\/div>\n           <\/div>\n                            \n<style>\n#text-box-1574317966 {\n  width: 85%;\n}\n#text-box-1574317966 .text-box-content {\n  font-size: 100%;\n}\n@media (min-width:550px) {\n  #text-box-1574317966 {\n    width: 67%;\n  }\n}\n@media (min-width:850px) {\n  #text-box-1574317966 {\n    width: 51%;\n  }\n}\n<\/style>\n    <\/div>\n \n\n        <\/div>\n      <\/div>\n\n            \n<style>\n#banner-1848457225 {\n  padding-top: 330px;\n}\n#banner-1848457225 .overlay {\n  background-color: rgba(0, 0, 0, 0.74);\n}\n#banner-1848457225 .banner-bg img {\n  object-position: 7% 64%;\n}\n@media (min-width:550px) {\n  #banner-1848457225 {\n    padding-top: 400px;\n  }\n}\n<\/style>\n  <\/div>\n\n\n","protected":false},"excerpt":{"rendered":"","protected":false},"author":8,"featured_media":0,"parent":5345,"menu_order":0,"comment_status":"closed","ping_status":"closed","template":"page-blank.php","meta":{"footnotes":""},"class_list":["post-5353","page","type-page","status-publish","hentry"],"yoast_head":"<!-- This site is optimized with the Yoast SEO plugin v27.3 - https:\/\/yoast.com\/product\/yoast-seo-wordpress\/ -->\n<title>Consultoras - ProactiveOffice.com<\/title>\n<meta name=\"robots\" content=\"index, follow, max-snippet:-1, max-image-preview:large, max-video-preview:-1\" \/>\n<link rel=\"canonical\" href=\"https:\/\/proactiveoffice.com\/pt-br\/experiencias\/consultoras\/\" \/>\n<meta property=\"og:locale\" content=\"pt_BR\" \/>\n<meta property=\"og:type\" content=\"article\" \/>\n<meta property=\"og:title\" content=\"Consultoras - ProactiveOffice.com\" \/>\n<meta property=\"og:url\" content=\"https:\/\/proactiveoffice.com\/pt-br\/experiencias\/consultoras\/\" \/>\n<meta property=\"og:site_name\" content=\"ProactiveOffice.com\" \/>\n<meta name=\"twitter:card\" content=\"summary_large_image\" \/>\n<meta name=\"twitter:label1\" content=\"Est. tempo de leitura\" \/>\n\t<meta name=\"twitter:data1\" content=\"2 minutos\" \/>\n<script type=\"application\/ld+json\" class=\"yoast-schema-graph\">{\"@context\":\"https:\\\/\\\/schema.org\",\"@graph\":[{\"@type\":\"WebPage\",\"@id\":\"https:\\\/\\\/proactiveoffice.com\\\/pt-br\\\/experiencias\\\/consultoras\\\/\",\"url\":\"https:\\\/\\\/proactiveoffice.com\\\/pt-br\\\/experiencias\\\/consultoras\\\/\",\"name\":\"Consultoras - ProactiveOffice.com\",\"isPartOf\":{\"@id\":\"https:\\\/\\\/proactiveoffice.com\\\/#website\"},\"datePublished\":\"2018-09-04T19:21:46+00:00\",\"breadcrumb\":{\"@id\":\"https:\\\/\\\/proactiveoffice.com\\\/pt-br\\\/experiencias\\\/consultoras\\\/#breadcrumb\"},\"inLanguage\":\"pt-BR\",\"potentialAction\":[{\"@type\":\"ReadAction\",\"target\":[\"https:\\\/\\\/proactiveoffice.com\\\/pt-br\\\/experiencias\\\/consultoras\\\/\"]}]},{\"@type\":\"BreadcrumbList\",\"@id\":\"https:\\\/\\\/proactiveoffice.com\\\/pt-br\\\/experiencias\\\/consultoras\\\/#breadcrumb\",\"itemListElement\":[{\"@type\":\"ListItem\",\"position\":1,\"name\":\"Home\",\"item\":\"https:\\\/\\\/proactiveoffice.com\\\/pt-br\\\/\"},{\"@type\":\"ListItem\",\"position\":2,\"name\":\"Experi\u00eancias\",\"item\":\"https:\\\/\\\/proactiveoffice.com\\\/pt-br\\\/experiencias\\\/\"},{\"@type\":\"ListItem\",\"position\":3,\"name\":\"Consultoras\"}]},{\"@type\":\"WebSite\",\"@id\":\"https:\\\/\\\/proactiveoffice.com\\\/#website\",\"url\":\"https:\\\/\\\/proactiveoffice.com\\\/\",\"name\":\"ProactiveOffice.com\",\"description\":\"El m\u00e1s simple y adaptable software de gesti\u00f3n de proyectos on-line, que provee eficiencia y proactividad a iniciativas, proyectos y contratos.\",\"potentialAction\":[{\"@type\":\"SearchAction\",\"target\":{\"@type\":\"EntryPoint\",\"urlTemplate\":\"https:\\\/\\\/proactiveoffice.com\\\/?s={search_term_string}\"},\"query-input\":{\"@type\":\"PropertyValueSpecification\",\"valueRequired\":true,\"valueName\":\"search_term_string\"}}],\"inLanguage\":\"pt-BR\"}]}<\/script>\n<!-- \/ Yoast SEO plugin. -->","yoast_head_json":{"title":"Consultoras - ProactiveOffice.com","robots":{"index":"index","follow":"follow","max-snippet":"max-snippet:-1","max-image-preview":"max-image-preview:large","max-video-preview":"max-video-preview:-1"},"canonical":"https:\/\/proactiveoffice.com\/pt-br\/experiencias\/consultoras\/","og_locale":"pt_BR","og_type":"article","og_title":"Consultoras - ProactiveOffice.com","og_url":"https:\/\/proactiveoffice.com\/pt-br\/experiencias\/consultoras\/","og_site_name":"ProactiveOffice.com","twitter_card":"summary_large_image","twitter_misc":{"Est. tempo de leitura":"2 minutos"},"schema":{"@context":"https:\/\/schema.org","@graph":[{"@type":"WebPage","@id":"https:\/\/proactiveoffice.com\/pt-br\/experiencias\/consultoras\/","url":"https:\/\/proactiveoffice.com\/pt-br\/experiencias\/consultoras\/","name":"Consultoras - ProactiveOffice.com","isPartOf":{"@id":"https:\/\/proactiveoffice.com\/#website"},"datePublished":"2018-09-04T19:21:46+00:00","breadcrumb":{"@id":"https:\/\/proactiveoffice.com\/pt-br\/experiencias\/consultoras\/#breadcrumb"},"inLanguage":"pt-BR","potentialAction":[{"@type":"ReadAction","target":["https:\/\/proactiveoffice.com\/pt-br\/experiencias\/consultoras\/"]}]},{"@type":"BreadcrumbList","@id":"https:\/\/proactiveoffice.com\/pt-br\/experiencias\/consultoras\/#breadcrumb","itemListElement":[{"@type":"ListItem","position":1,"name":"Home","item":"https:\/\/proactiveoffice.com\/pt-br\/"},{"@type":"ListItem","position":2,"name":"Experi\u00eancias","item":"https:\/\/proactiveoffice.com\/pt-br\/experiencias\/"},{"@type":"ListItem","position":3,"name":"Consultoras"}]},{"@type":"WebSite","@id":"https:\/\/proactiveoffice.com\/#website","url":"https:\/\/proactiveoffice.com\/","name":"ProactiveOffice.com","description":"El m\u00e1s simple y adaptable software de gesti\u00f3n de proyectos on-line, que provee eficiencia y proactividad a iniciativas, proyectos y contratos.","potentialAction":[{"@type":"SearchAction","target":{"@type":"EntryPoint","urlTemplate":"https:\/\/proactiveoffice.com\/?s={search_term_string}"},"query-input":{"@type":"PropertyValueSpecification","valueRequired":true,"valueName":"search_term_string"}}],"inLanguage":"pt-BR"}]}},"_links":{"self":[{"href":"https:\/\/proactiveoffice.com\/pt-br\/wp-json\/wp\/v2\/pages\/5353","targetHints":{"allow":["GET"]}}],"collection":[{"href":"https:\/\/proactiveoffice.com\/pt-br\/wp-json\/wp\/v2\/pages"}],"about":[{"href":"https:\/\/proactiveoffice.com\/pt-br\/wp-json\/wp\/v2\/types\/page"}],"author":[{"embeddable":true,"href":"https:\/\/proactiveoffice.com\/pt-br\/wp-json\/wp\/v2\/users\/8"}],"replies":[{"embeddable":true,"href":"https:\/\/proactiveoffice.com\/pt-br\/wp-json\/wp\/v2\/comments?post=5353"}],"version-history":[{"count":1,"href":"https:\/\/proactiveoffice.com\/pt-br\/wp-json\/wp\/v2\/pages\/5353\/revisions"}],"predecessor-version":[{"id":5354,"href":"https:\/\/proactiveoffice.com\/pt-br\/wp-json\/wp\/v2\/pages\/5353\/revisions\/5354"}],"up":[{"embeddable":true,"href":"https:\/\/proactiveoffice.com\/pt-br\/wp-json\/wp\/v2\/pages\/5345"}],"wp:attachment":[{"href":"https:\/\/proactiveoffice.com\/pt-br\/wp-json\/wp\/v2\/media?parent=5353"}],"curies":[{"name":"wp","href":"https:\/\/api.w.org\/{rel}","templated":true}]}}