{"id":5365,"date":"2018-09-05T18:05:43","date_gmt":"2018-09-05T22:05:43","guid":{"rendered":"https:\/\/proactiveoffice.com\/?page_id=5365\/"},"modified":"2018-09-05T18:05:43","modified_gmt":"2018-09-05T22:05:43","slug":"governo","status":"publish","type":"page","link":"https:\/\/proactiveoffice.com\/pt-br\/experiencias\/governo\/","title":{"rendered":"Governo"},"content":{"rendered":"\n  <div class=\"banner has-hover has-parallax\" id=\"banner-1106730013\">\n          <div class=\"banner-inner fill\">\n        <div class=\"banner-bg fill\" data-parallax=\"-5\" data-parallax-container=\".banner\" data-parallax-background>\n                                    <div class=\"overlay\"><\/div>            \n                    <\/div>\n\t\t\n        <div class=\"banner-layers container\">\n            <div class=\"fill banner-link\"><\/div>            \n   <div id=\"text-box-1280507409\" class=\"text-box banner-layer x50 md-x50 lg-x50 y50 md-y50 lg-y50 res-text\">\n                                <div class=\"text-box-content text dark\">\n              \n              <div class=\"text-inner text-center\">\n                  \n<h1 class=\"bigmdfh1\">Governo<\/h1>\n              <\/div>\n           <\/div>\n                            \n<style>\n#text-box-1280507409 {\n  width: 60%;\n}\n#text-box-1280507409 .text-box-content {\n  font-size: 100%;\n}\n<\/style>\n    <\/div>\n \n        <\/div>\n      <\/div>\n\n            \n<style>\n#banner-1106730013 {\n  padding-top: 163px;\n}\n#banner-1106730013 .overlay {\n  background-color: rgba(0,0,0,.5);\n}\n#banner-1106730013 .banner-bg img {\n  object-position: 44% 73%;\n}\n<\/style>\n  <\/div>\n\n\n\n\t<section class=\"section dark\" id=\"section_533481351\">\n\t\t<div class=\"section-bg fill\" >\n\t\t\t<img loading=\"lazy\" decoding=\"async\" width=\"2560\" height=\"1440\" src=\"https:\/\/proactiveoffice.com\/wp-content\/uploads\/2017\/11\/Polygon-Wallpaper-3376.jpg\" class=\"bg attachment- size-\" alt=\"\" \/>\t\t\t\t\t\t<div class=\"section-bg-overlay absolute fill\"><\/div>\n\t\t\t\n\n\t\t<\/div>\n\n\t\t\n\n\t\t<div class=\"section-content relative\">\n\t\t\t\n<div class=\"row\"  id=\"row-256453173\">\n\n\t<div id=\"col-1705215929\" class=\"col small-12 large-12\"  >\n\t\t\t\t<div class=\"col-inner\"  >\n\t\t\t\n\t\t\t\n<div class=\"nav-wrapper\"><ul class=\"nav nav-uppercase nav-horizontal nav-pills text-center nav-center\"><p class=\"lead shortcode-error text-center\">Sorry, no pages was found<\/p><\/ul><\/div>\n\t\t<\/div>\n\t\t\t\t\t<\/div>\n\n\t\n<\/div>\n\t\t<\/div>\n\n\t\t\n<style>\n#section_533481351 {\n  padding-top: 30px;\n  padding-bottom: 30px;\n}\n#section_533481351 .section-bg-overlay {\n  background-color: rgba(3, 139, 203, 0.63);\n}\n#section_533481351 .section-bg img {\n  object-position: 56% 61%;\n}\n<\/style>\n\t<\/section>\n\t\n\n\t<section class=\"section\" id=\"section_1911792684\">\n\t\t<div class=\"section-bg fill\" >\n\t\t\t\t\t\t\t\t\t<div class=\"section-bg-overlay absolute fill\"><\/div>\n\t\t\t\n\n\t\t<\/div>\n\n\t\t\n\n\t\t<div class=\"section-content relative\">\n\t\t\t\n<div class=\"row row-large align-middle\"  id=\"row-1252733761\">\n\n\t<div id=\"col-500760318\" class=\"col medium-8 small-12 large-8\"  >\n\t\t\t\t<div class=\"col-inner text-left\"  >\n\t\t\t\n\t\t\t\n<h2 class=\"uppercase\">INSTITUI\u00c7\u00d5ES GOVERNAMENTAIS<\/h2>\n<p>Importantes institui\u00e7\u00f5es governamentais gerenciam seus gabinetes de projetos (PMO) administrando seus portf\u00f3lios de moderniza\u00e7\u00e3o, estrat\u00e9gia, infraestrutura, tecnologia, inova\u00e7\u00e3o, constru\u00e7\u00e3o hospitalar e opera\u00e7\u00e3o. Eles tamb\u00e9m gerenciam centenas de milhares de aplicativos para concursos p\u00fablicos e relatam seus indicadores com os sistemas da nossa suite ProactiveOffice.<\/p>\n\t\t<\/div>\n\t\t\t\t\t<\/div>\n\n\t\n\n\t<div id=\"col-199414018\" class=\"col medium-4 small-12 large-4\"  >\n\t\t\t\t<div class=\"col-inner\"  >\n\t\t\t\n\t\t\t\n\t<div class=\"img has-hover x md-x lg-x y md-y lg-y\" id=\"image_1073267963\">\n\t\t\t\t\t\t\t\t<div class=\"img-inner dark\" >\n\t\t\t<img loading=\"lazy\" decoding=\"async\" width=\"96\" height=\"96\" src=\"https:\/\/proactiveoffice.com\/wp-content\/uploads\/2018\/04\/sector-publico2.fw_.png\" class=\"attachment-original size-original\" alt=\"\" \/>\t\t\t\t\t\t\n\t\t\t\t\t<\/div>\n\t\t\t\t\t\t\t\t\n<style>\n#image_1073267963 {\n  width: 48%;\n}\n<\/style>\n\t<\/div>\n\t\n\t\t<\/div>\n\t\t\t\t\t<\/div>\n\n\t\n<\/div>\n\t\t<\/div>\n\n\t\t\n<style>\n#section_1911792684 {\n  padding-top: 30px;\n  padding-bottom: 30px;\n  background-color: rgb(255, 255, 255);\n}\n#section_1911792684 .section-bg-overlay {\n  background-color: rgba(255, 255, 255, 0.85);\n}\n<\/style>\n\t<\/section>\n\t\n\n\t<section class=\"section\" id=\"section_1443866942\">\n\t\t<div class=\"section-bg fill\" >\n\t\t\t\t\t\t\t\t\t<div class=\"section-bg-overlay absolute fill\"><\/div>\n\t\t\t\n\t<div class=\"is-border\"\n\t\tstyle=\"border-width:1px 0px 1px 0px;\">\n\t<\/div>\n\n\t\t<\/div>\n\n\t\t\n\n\t\t<div class=\"section-content relative\">\n\t\t\t\n<div class=\"row row-large align-middle\"  id=\"row-650107582\">\n\n\t<div id=\"col-1641788384\" class=\"col medium-4 small-12 large-4\"  >\n\t\t\t\t<div class=\"col-inner\"  >\n\t\t\t\n\t\t\t\n\t<div class=\"img has-hover x md-x lg-x y md-y lg-y\" id=\"image_1528859544\">\n\t\t\t\t\t\t\t\t<div class=\"img-inner dark\" >\n\t\t\t<img loading=\"lazy\" decoding=\"async\" width=\"1020\" height=\"723\" src=\"https:\/\/proactiveoffice.com\/wp-content\/uploads\/2017\/12\/Vista_publica_proactiveoffice-1024x726.png\" class=\"attachment-large size-large\" alt=\"\" srcset=\"https:\/\/proactiveoffice.com\/wp-content\/uploads\/2017\/12\/Vista_publica_proactiveoffice-1024x726.png 1024w, https:\/\/proactiveoffice.com\/wp-content\/uploads\/2017\/12\/Vista_publica_proactiveoffice-300x213.png 300w, https:\/\/proactiveoffice.com\/wp-content\/uploads\/2017\/12\/Vista_publica_proactiveoffice-768x544.png 768w, https:\/\/proactiveoffice.com\/wp-content\/uploads\/2017\/12\/Vista_publica_proactiveoffice.png 1064w\" sizes=\"auto, (max-width: 1020px) 100vw, 1020px\" \/>\t\t\t\t\t\t\n\t\t\t\t\t<\/div>\n\t\t\t\t\t\t\t\t\n<style>\n#image_1528859544 {\n  width: 100%;\n}\n<\/style>\n\t<\/div>\n\t\n\t\t<\/div>\n\t\t\t\t\t<\/div>\n\n\t\n\n\t<div id=\"col-333061565\" class=\"col medium-8 small-12 large-8\"  >\n\t\t\t\t<div class=\"col-inner text-left\"  >\n\t\t\t\n\t\t\t\n<h2 class=\"uppercase\">Transpar\u00eancia<\/h2>\n<p>ProactiveOffice contribuiu para a transpar\u00eancia institucional atrav\u00e9s de suas funcionalidades e relat\u00f3rios, particularmente no caso do sucesso com o Minist\u00e9rio das Finan\u00e7as, destacado por sua contribui\u00e7\u00e3o para a padroniza\u00e7\u00e3o do gerenciamento de projetos, al\u00e9m de sua Vis\u00e3o P\u00fablica, que d\u00e1 visibilidade \u00e0 cidadania no que diz respeito \u00e0 execu\u00e7\u00e3o de <a href=\"http:\/\/modernizacion.hacienda.cl\/proyectos\">projetos de moderniza\u00e7\u00e3o do Estado<\/a>.<\/p>\n\t\t<\/div>\n\t\t\t\t\t<\/div>\n\n\t\n<\/div>\n\t\t<\/div>\n\n\t\t\n<style>\n#section_1443866942 {\n  padding-top: 30px;\n  padding-bottom: 30px;\n  background-color: rgb(193, 193, 193);\n}\n#section_1443866942 .section-bg-overlay {\n  background-color: rgba(255, 255, 255, 0.85);\n}\n<\/style>\n\t<\/section>\n\t\n\n\t<section class=\"section\" id=\"section_1976262903\">\n\t\t<div class=\"section-bg fill\" >\n\t\t\t\t\t\t\t\t\t<div class=\"section-bg-overlay absolute fill\"><\/div>\n\t\t\t\n\n\t\t<\/div>\n\n\t\t\n\n\t\t<div class=\"section-content relative\">\n\t\t\t\n<div class=\"row row-large align-middle\"  id=\"row-657960317\">\n\n\t<div id=\"col-664153239\" class=\"col medium-8 small-12 large-8\"  >\n\t\t\t\t<div class=\"col-inner text-left\"  >\n\t\t\t\n\t\t\t\n<h2 class=\"uppercase\">Hospital da FLORIDA (CHILE)<\/h2>\n<p>Este emblem\u00e1tico Hospital foi administrado a partir de seus primeiros esbo\u00e7os pelo Servi\u00e7o Metropolitano de Sa\u00fade, incluindo todos as Carteiras do programa, uma vez finalizado e em opera\u00e7\u00e3o nossa suite forneceu suporte a gest\u00e3o e implementa\u00e7\u00e3o do mais completo Sistema de Informa\u00e7\u00e3o ( HIS) instalado at\u00e9 agora em uma institui\u00e7\u00e3o p\u00fablica.<\/p>\n<p>&nbsp;<\/p>\n\t\t<\/div>\n\t\t\t\t\t<\/div>\n\n\t\n\n\t<div id=\"col-43276185\" class=\"col medium-4 small-12 large-4\"  >\n\t\t\t\t<div class=\"col-inner\"  >\n\t\t\t\n\t\t\t\n\t<div class=\"img has-hover x md-x lg-x y md-y lg-y\" id=\"image_197526297\">\n\t\t\t\t\t\t\t\t<div class=\"img-inner dark\" >\n\t\t\t<img loading=\"lazy\" decoding=\"async\" width=\"138\" height=\"124\" src=\"https:\/\/proactiveoffice.com\/wp-content\/uploads\/2017\/12\/ministerio-de-salud.png\" class=\"attachment-large size-large\" alt=\"\" \/>\t\t\t\t\t\t\n\t\t\t\t\t<\/div>\n\t\t\t\t\t\t\t\t\n<style>\n#image_197526297 {\n  width: 48%;\n}\n<\/style>\n\t<\/div>\n\t\n\t\t<\/div>\n\t\t\t\t\t<\/div>\n\n\t\n<\/div>\n\t\t<\/div>\n\n\t\t\n<style>\n#section_1976262903 {\n  padding-top: 30px;\n  padding-bottom: 30px;\n  background-color: rgb(255, 255, 255);\n}\n#section_1976262903 .section-bg-overlay {\n  background-color: rgba(255, 255, 255, 0.85);\n}\n<\/style>\n\t<\/section>\n\t\n\n  <div class=\"banner has-hover has-parallax\" id=\"banner-1298691215\">\n          <div class=\"banner-inner fill\">\n        <div class=\"banner-bg fill\" data-parallax=\"-1\" data-parallax-container=\".banner\" data-parallax-background>\n            <img loading=\"lazy\" decoding=\"async\" width=\"990\" height=\"660\" src=\"https:\/\/proactiveoffice.com\/wp-content\/uploads\/2018\/07\/hero_img_1.jpg\" class=\"bg attachment-large size-large\" alt=\"\" \/>                        <div class=\"overlay\"><\/div>            \n                    <\/div>\n\t\t\n        <div class=\"banner-layers container\">\n            <div class=\"fill banner-link\"><\/div>            \n\n   <div id=\"text-box-346148029\" class=\"text-box banner-layer x50 md-x50 lg-x50 y50 md-y50 lg-y50 res-text\">\n                                <div class=\"text-box-content text dark\">\n              \n              <div class=\"text-inner text-center\">\n                  \n\n\t<div id=\"gap-1653847710\" class=\"gap-element clearfix\" style=\"display:block; height:auto;\">\n\t\t\n<style>\n#gap-1653847710 {\n  padding-top: 10px;\n}\n<\/style>\n\t<\/div>\n\t\n\n<p class=\"uppercase\"><span style=\"font-size: 12.96px;\"><b>\u00bfEst\u00e1s listo para conocer ProactiveOffice?<\/b><\/span><\/p>\n<h2><strong>Solicite su Demo<\/strong><\/h2>\n<p><span style=\"font-size: 95%;\">Para empresas que poseen 10 o m\u00e1s proyectos o contratos activos;<br \/>\nProactiveOffice ofrece una demostraci\u00f3n por 20 d\u00edas para consolidar, visualizar y asumir el control de su portafolio.<br \/><\/span><\/p>\n\t<div id=\"gap-55531041\" class=\"gap-element clearfix\" style=\"display:block; height:auto;\">\n\t\t\n<style>\n#gap-55531041 {\n  padding-top: 10px;\n}\n<\/style>\n\t<\/div>\n\t\n\n<a href=\"http:\/\/www.proactiveoffice.com\/solicitud\/demo.html\" class=\"button secondary\" >\n\t\t<span>DEMO<\/span>\n\t<\/a>\n\n\n\n              <\/div>\n           <\/div>\n                            \n<style>\n#text-box-346148029 {\n  width: 85%;\n}\n#text-box-346148029 .text-box-content {\n  font-size: 100%;\n}\n@media (min-width:550px) {\n  #text-box-346148029 {\n    width: 67%;\n  }\n}\n@media (min-width:850px) {\n  #text-box-346148029 {\n    width: 51%;\n  }\n}\n<\/style>\n    <\/div>\n \n\n        <\/div>\n      <\/div>\n\n            \n<style>\n#banner-1298691215 {\n  padding-top: 330px;\n}\n#banner-1298691215 .overlay {\n  background-color: rgba(0, 0, 0, 0.74);\n}\n#banner-1298691215 .banner-bg img {\n  object-position: 7% 64%;\n}\n@media (min-width:550px) {\n  #banner-1298691215 {\n    padding-top: 400px;\n  }\n}\n<\/style>\n  <\/div>\n\n\n","protected":false},"excerpt":{"rendered":"","protected":false},"author":8,"featured_media":0,"parent":5345,"menu_order":0,"comment_status":"closed","ping_status":"closed","template":"page-blank.php","meta":{"footnotes":""},"class_list":["post-5365","page","type-page","status-publish","hentry"],"yoast_head":"<!-- This site is optimized with the Yoast SEO plugin v27.4 - https:\/\/yoast.com\/product\/yoast-seo-wordpress\/ -->\n<title>Governo - ProactiveOffice.com<\/title>\n<meta name=\"robots\" content=\"index, follow, max-snippet:-1, max-image-preview:large, max-video-preview:-1\" \/>\n<link rel=\"canonical\" href=\"https:\/\/proactiveoffice.com\/pt-br\/experiencias\/governo\/\" \/>\n<meta property=\"og:locale\" content=\"pt_BR\" \/>\n<meta property=\"og:type\" content=\"article\" \/>\n<meta property=\"og:title\" content=\"Governo - ProactiveOffice.com\" \/>\n<meta property=\"og:url\" content=\"https:\/\/proactiveoffice.com\/pt-br\/experiencias\/governo\/\" \/>\n<meta property=\"og:site_name\" content=\"ProactiveOffice.com\" \/>\n<meta name=\"twitter:card\" content=\"summary_large_image\" \/>\n<meta name=\"twitter:label1\" content=\"Est. tempo de leitura\" \/>\n\t<meta name=\"twitter:data1\" content=\"2 minutos\" \/>\n<script type=\"application\/ld+json\" class=\"yoast-schema-graph\">{\"@context\":\"https:\\\/\\\/schema.org\",\"@graph\":[{\"@type\":\"WebPage\",\"@id\":\"https:\\\/\\\/proactiveoffice.com\\\/pt-br\\\/experiencias\\\/governo\\\/\",\"url\":\"https:\\\/\\\/proactiveoffice.com\\\/pt-br\\\/experiencias\\\/governo\\\/\",\"name\":\"Governo - ProactiveOffice.com\",\"isPartOf\":{\"@id\":\"https:\\\/\\\/proactiveoffice.com\\\/#website\"},\"datePublished\":\"2018-09-05T22:05:43+00:00\",\"breadcrumb\":{\"@id\":\"https:\\\/\\\/proactiveoffice.com\\\/pt-br\\\/experiencias\\\/governo\\\/#breadcrumb\"},\"inLanguage\":\"pt-BR\",\"potentialAction\":[{\"@type\":\"ReadAction\",\"target\":[\"https:\\\/\\\/proactiveoffice.com\\\/pt-br\\\/experiencias\\\/governo\\\/\"]}]},{\"@type\":\"BreadcrumbList\",\"@id\":\"https:\\\/\\\/proactiveoffice.com\\\/pt-br\\\/experiencias\\\/governo\\\/#breadcrumb\",\"itemListElement\":[{\"@type\":\"ListItem\",\"position\":1,\"name\":\"Home\",\"item\":\"https:\\\/\\\/proactiveoffice.com\\\/pt-br\\\/\"},{\"@type\":\"ListItem\",\"position\":2,\"name\":\"Experi\u00eancias\",\"item\":\"https:\\\/\\\/proactiveoffice.com\\\/pt-br\\\/experiencias\\\/\"},{\"@type\":\"ListItem\",\"position\":3,\"name\":\"Governo\"}]},{\"@type\":\"WebSite\",\"@id\":\"https:\\\/\\\/proactiveoffice.com\\\/#website\",\"url\":\"https:\\\/\\\/proactiveoffice.com\\\/\",\"name\":\"ProactiveOffice.com\",\"description\":\"El m\u00e1s simple y adaptable software de gesti\u00f3n de proyectos on-line, que provee eficiencia y proactividad a iniciativas, proyectos y contratos.\",\"potentialAction\":[{\"@type\":\"SearchAction\",\"target\":{\"@type\":\"EntryPoint\",\"urlTemplate\":\"https:\\\/\\\/proactiveoffice.com\\\/?s={search_term_string}\"},\"query-input\":{\"@type\":\"PropertyValueSpecification\",\"valueRequired\":true,\"valueName\":\"search_term_string\"}}],\"inLanguage\":\"pt-BR\"}]}<\/script>\n<!-- \/ Yoast SEO plugin. -->","yoast_head_json":{"title":"Governo - ProactiveOffice.com","robots":{"index":"index","follow":"follow","max-snippet":"max-snippet:-1","max-image-preview":"max-image-preview:large","max-video-preview":"max-video-preview:-1"},"canonical":"https:\/\/proactiveoffice.com\/pt-br\/experiencias\/governo\/","og_locale":"pt_BR","og_type":"article","og_title":"Governo - ProactiveOffice.com","og_url":"https:\/\/proactiveoffice.com\/pt-br\/experiencias\/governo\/","og_site_name":"ProactiveOffice.com","twitter_card":"summary_large_image","twitter_misc":{"Est. tempo de leitura":"2 minutos"},"schema":{"@context":"https:\/\/schema.org","@graph":[{"@type":"WebPage","@id":"https:\/\/proactiveoffice.com\/pt-br\/experiencias\/governo\/","url":"https:\/\/proactiveoffice.com\/pt-br\/experiencias\/governo\/","name":"Governo - ProactiveOffice.com","isPartOf":{"@id":"https:\/\/proactiveoffice.com\/#website"},"datePublished":"2018-09-05T22:05:43+00:00","breadcrumb":{"@id":"https:\/\/proactiveoffice.com\/pt-br\/experiencias\/governo\/#breadcrumb"},"inLanguage":"pt-BR","potentialAction":[{"@type":"ReadAction","target":["https:\/\/proactiveoffice.com\/pt-br\/experiencias\/governo\/"]}]},{"@type":"BreadcrumbList","@id":"https:\/\/proactiveoffice.com\/pt-br\/experiencias\/governo\/#breadcrumb","itemListElement":[{"@type":"ListItem","position":1,"name":"Home","item":"https:\/\/proactiveoffice.com\/pt-br\/"},{"@type":"ListItem","position":2,"name":"Experi\u00eancias","item":"https:\/\/proactiveoffice.com\/pt-br\/experiencias\/"},{"@type":"ListItem","position":3,"name":"Governo"}]},{"@type":"WebSite","@id":"https:\/\/proactiveoffice.com\/#website","url":"https:\/\/proactiveoffice.com\/","name":"ProactiveOffice.com","description":"El m\u00e1s simple y adaptable software de gesti\u00f3n de proyectos on-line, que provee eficiencia y proactividad a iniciativas, proyectos y contratos.","potentialAction":[{"@type":"SearchAction","target":{"@type":"EntryPoint","urlTemplate":"https:\/\/proactiveoffice.com\/?s={search_term_string}"},"query-input":{"@type":"PropertyValueSpecification","valueRequired":true,"valueName":"search_term_string"}}],"inLanguage":"pt-BR"}]}},"_links":{"self":[{"href":"https:\/\/proactiveoffice.com\/pt-br\/wp-json\/wp\/v2\/pages\/5365","targetHints":{"allow":["GET"]}}],"collection":[{"href":"https:\/\/proactiveoffice.com\/pt-br\/wp-json\/wp\/v2\/pages"}],"about":[{"href":"https:\/\/proactiveoffice.com\/pt-br\/wp-json\/wp\/v2\/types\/page"}],"author":[{"embeddable":true,"href":"https:\/\/proactiveoffice.com\/pt-br\/wp-json\/wp\/v2\/users\/8"}],"replies":[{"embeddable":true,"href":"https:\/\/proactiveoffice.com\/pt-br\/wp-json\/wp\/v2\/comments?post=5365"}],"version-history":[{"count":2,"href":"https:\/\/proactiveoffice.com\/pt-br\/wp-json\/wp\/v2\/pages\/5365\/revisions"}],"predecessor-version":[{"id":5367,"href":"https:\/\/proactiveoffice.com\/pt-br\/wp-json\/wp\/v2\/pages\/5365\/revisions\/5367"}],"up":[{"embeddable":true,"href":"https:\/\/proactiveoffice.com\/pt-br\/wp-json\/wp\/v2\/pages\/5345"}],"wp:attachment":[{"href":"https:\/\/proactiveoffice.com\/pt-br\/wp-json\/wp\/v2\/media?parent=5365"}],"curies":[{"name":"wp","href":"https:\/\/api.w.org\/{rel}","templated":true}]}}