{"id":5371,"date":"2018-09-12T18:23:09","date_gmt":"2018-09-12T22:23:09","guid":{"rendered":"https:\/\/proactiveoffice.com\/?page_id=5371\/"},"modified":"2018-09-12T18:23:09","modified_gmt":"2018-09-12T22:23:09","slug":"mineracao","status":"publish","type":"page","link":"https:\/\/proactiveoffice.com\/pt-br\/experiencias\/mineracao\/","title":{"rendered":"Minera\u00e7\u00e3o"},"content":{"rendered":"\n  <div class=\"banner has-hover has-parallax\" id=\"banner-615065415\">\n          <div class=\"banner-inner fill\">\n        <div class=\"banner-bg fill\" data-parallax=\"-5\" data-parallax-container=\".banner\" data-parallax-background>\n            <img loading=\"lazy\" decoding=\"async\" width=\"1170\" height=\"710\" src=\"https:\/\/proactiveoffice.com\/wp-content\/uploads\/2017\/11\/mining-industry-1.jpg\" class=\"bg attachment-orginal size-orginal\" alt=\"\" \/>                        <div class=\"overlay\"><\/div>            \n                    <\/div>\n\t\t\n        <div class=\"banner-layers container\">\n            <div class=\"fill banner-link\"><\/div>            \n   <div id=\"text-box-1879318483\" class=\"text-box banner-layer x50 md-x50 lg-x50 y50 md-y50 lg-y50 res-text\">\n                                <div class=\"text-box-content text dark\">\n              \n              <div class=\"text-inner text-center\">\n                  \n<h1 class=\"bigmdfh1\">Minera\u00e7\u00e3o<\/h1>\n<p>Nossas plataformas s\u00e3o uma contribui\u00e7\u00e3o para a produtividade da minera\u00e7\u00e3o desde 2009. O ProactiveOffice tem sido a plataforma de gerenciamento de projetos do Programa de Cluster de Fornecedores de Classe Mundial para Minera\u00e7\u00e3o e tem impactado a ind\u00fastria com suas inova\u00e7\u00f5es atrav\u00e9s da ANTOFAGASTA MINERALS, CODELCO, BHP, entre outras grandes corpora\u00e7\u00f5es e Assets do setor.<\/p>\n              <\/div>\n           <\/div>\n                            \n<style>\n#text-box-1879318483 {\n  width: 88%;\n}\n#text-box-1879318483 .text-box-content {\n  font-size: 100%;\n}\n<\/style>\n    <\/div>\n \n        <\/div>\n      <\/div>\n\n            \n<style>\n#banner-615065415 {\n  padding-top: 230px;\n}\n#banner-615065415 .overlay {\n  background-color: rgba(0,0,0,.5);\n}\n#banner-615065415 .banner-bg img {\n  object-position: 43% 40%;\n}\n<\/style>\n  <\/div>\n\n\n\n\t<section class=\"section dark\" id=\"section_1910210700\">\n\t\t<div class=\"section-bg fill\" >\n\t\t\t<img loading=\"lazy\" decoding=\"async\" width=\"2560\" height=\"1440\" src=\"https:\/\/proactiveoffice.com\/wp-content\/uploads\/2017\/11\/Polygon-Wallpaper-3376.jpg\" class=\"bg attachment- size-\" alt=\"\" \/>\t\t\t\t\t\t<div class=\"section-bg-overlay absolute fill\"><\/div>\n\t\t\t\n\n\t\t<\/div>\n\n\t\t\n\n\t\t<div class=\"section-content relative\">\n\t\t\t\n<div class=\"row\"  id=\"row-103538922\">\n\n\t<div id=\"col-1518493973\" class=\"col small-12 large-12\"  >\n\t\t\t\t<div class=\"col-inner\"  >\n\t\t\t\n\t\t\t\n<div class=\"nav-wrapper\"><ul class=\"nav nav-uppercase nav-horizontal nav-pills text-center nav-center\"><p class=\"lead shortcode-error text-center\">Sorry, no pages was found<\/p><\/ul><\/div>\n\t\t<\/div>\n\t\t\t\t\t<\/div>\n\n\t\n<\/div>\n\t\t<\/div>\n\n\t\t\n<style>\n#section_1910210700 {\n  padding-top: 30px;\n  padding-bottom: 30px;\n}\n#section_1910210700 .section-bg-overlay {\n  background-color: rgba(3, 139, 203, 0.63);\n}\n#section_1910210700 .section-bg img {\n  object-position: 56% 61%;\n}\n<\/style>\n\t<\/section>\n\t\n\n\t<section class=\"section\" id=\"section_63180329\">\n\t\t<div class=\"section-bg fill\" >\n\t\t\t\t\t\t\t\t\t<div class=\"section-bg-overlay absolute fill\"><\/div>\n\t\t\t\n\n\t\t<\/div>\n\n\t\t\n\n\t\t<div class=\"section-content relative\">\n\t\t\t\n<div class=\"row row-large align-middle\"  id=\"row-388322558\">\n\n\t<div id=\"col-166589555\" class=\"col medium-8 small-12 large-8\"  >\n\t\t\t\t<div class=\"col-inner text-left\"  >\n\t\t\t\n\t\t\t\n<h2 class=\"uppercase\">Minera\u00e7\u00e3o PRODUTIVA<\/h2>\n<p>Nossas plataformas s\u00e3o uma contribui\u00e7\u00e3o para a produtividade da minera\u00e7\u00e3o desde 2010. Desenvolvemos instrumentos importantes para o gerenciamento de projetos greenfield e operacionais, oferecendo consolida\u00e7\u00e3o e integra\u00e7\u00e3o de portf\u00f3lios ou programas que cruzam dados operacionais e econ\u00f4micos e capturados diretamente da origem, o garante a disponibilidade de informa\u00e7\u00f5es duras e confi\u00e1veis para a correta gest\u00e3o padronizada de Iniciativas, Projetos e Contratos. Nossa contribui\u00e7\u00e3o em Planejamento e Controle automatiza processos de consolida\u00e7\u00e3o e gera\u00e7\u00e3o de relat\u00f3rios amplamente validados por essa ind\u00fastria exigente, onde constru\u00edmos uma vasta experi\u00eancia em minera\u00e7\u00e3o a c\u00e9u aberto e minera\u00e7\u00e3o subterr\u00e2nea.<\/p>\n\t\t<\/div>\n\t\t\t\t\t<\/div>\n\n\t\n\n\t<div id=\"col-1877922679\" class=\"col medium-4 small-12 large-4\"  >\n\t\t\t\t<div class=\"col-inner\"  >\n\t\t\t\n\t\t\t\n\t<div class=\"img has-hover x md-x lg-x y md-y lg-y\" id=\"image_877935831\">\n\t\t\t\t\t\t\t\t<div class=\"img-inner dark\" >\n\t\t\t<img loading=\"lazy\" decoding=\"async\" width=\"630\" height=\"420\" src=\"https:\/\/proactiveoffice.com\/wp-content\/uploads\/2018\/04\/camionyrajomining_1.jpg\" class=\"attachment-large size-large\" alt=\"\" srcset=\"https:\/\/proactiveoffice.com\/wp-content\/uploads\/2018\/04\/camionyrajomining_1.jpg 630w, https:\/\/proactiveoffice.com\/wp-content\/uploads\/2018\/04\/camionyrajomining_1-300x200.jpg 300w\" sizes=\"auto, (max-width: 630px) 100vw, 630px\" \/>\t\t\t\t\t\t\n\t\t\t\t\t<\/div>\n\t\t\t\t\t\t\t\t\n<style>\n#image_877935831 {\n  width: 100%;\n}\n<\/style>\n\t<\/div>\n\t\n\t\t<\/div>\n\t\t\t\t\t<\/div>\n\n\t\n<\/div>\n\t\t<\/div>\n\n\t\t\n<style>\n#section_63180329 {\n  padding-top: 30px;\n  padding-bottom: 30px;\n  background-color: rgb(255, 255, 255);\n}\n#section_63180329 .section-bg-overlay {\n  background-color: rgba(255, 255, 255, 0.85);\n}\n<\/style>\n\t<\/section>\n\t\n\n\t<section class=\"section\" id=\"section_1984107907\">\n\t\t<div class=\"section-bg fill\" >\n\t\t\t\t\t\t\t\t\t<div class=\"section-bg-overlay absolute fill\"><\/div>\n\t\t\t\n\t<div class=\"is-border\"\n\t\tstyle=\"border-width:1px 0px 1px 0px;\">\n\t<\/div>\n\n\t\t<\/div>\n\n\t\t\n\n\t\t<div class=\"section-content relative\">\n\t\t\t\n<div class=\"row row-large align-middle\"  id=\"row-1363917157\">\n\n\t<div id=\"col-1993324259\" class=\"col medium-4 small-12 large-4\"  >\n\t\t\t\t<div class=\"col-inner\"  >\n\t\t\t\n\t\t\t\n\t<div class=\"img has-hover x md-x lg-x y md-y lg-y\" id=\"image_282111542\">\n\t\t\t\t\t\t\t\t<div class=\"img-inner dark\" >\n\t\t\t<img loading=\"lazy\" decoding=\"async\" width=\"256\" height=\"77\" src=\"https:\/\/proactiveoffice.com\/wp-content\/uploads\/2018\/04\/delphos-logo.jpg\" class=\"attachment-large size-large\" alt=\"\" \/>\t\t\t\t\t\t\n\t\t\t\t\t<\/div>\n\t\t\t\t\t\t\t\t\n<style>\n#image_282111542 {\n  width: 100%;\n}\n<\/style>\n\t<\/div>\n\t\n\t<div class=\"img has-hover x md-x lg-x y md-y lg-y\" id=\"image_2037316032\">\n\t\t\t\t\t\t\t\t<div class=\"img-inner dark\" >\n\t\t\t\t\t\t\t\t\t\n\t\t\t\t\t<\/div>\n\t\t\t\t\t\t\t\t\n<style>\n#image_2037316032 {\n  width: 100%;\n}\n<\/style>\n\t<\/div>\n\t\n\t\t<\/div>\n\t\t\t\t\t<\/div>\n\n\t\n\n\t<div id=\"col-577684530\" class=\"col medium-8 small-12 large-8\"  >\n\t\t\t\t<div class=\"col-inner text-left\"  >\n\t\t\t\n\t\t\t\n<h2 class=\"uppercase\">Inova\u00e7\u00e3o em minera\u00e7\u00e3o<\/h2>\n<p>A seriedade com que enfrentamos os desafios de minera\u00e7\u00e3o de nossos clientes aperfei\u00e7oaram nossos servi\u00e7os, no entanto, a fim de avan\u00e7ar para um futuro especialista, nossa \u00e1rea de Investimento &amp; Desenvolvimento vem trabalhando junto com o\u00a0<a href=\"http:\/\/www.amtc.cl\/\">AMTC de la Universidade do Chile<\/a> h\u00e1 mais de 4 anos, com quem estamos desenvolvendo as ferramentas de planejamento de minera\u00e7\u00e3o do futuro. Nossos esfor\u00e7os conjuntos deram origem ao apoio da Corfo\u00a0 atrav\u00e9s de dois projetos de Alta Inova\u00e7\u00e3o em Planejamento e Simula\u00e7\u00e3o.<\/p>\n\t\t<\/div>\n\t\t\t\t\t<\/div>\n\n\t\n<\/div>\n\t\t<\/div>\n\n\t\t\n<style>\n#section_1984107907 {\n  padding-top: 30px;\n  padding-bottom: 30px;\n  background-color: rgb(193, 193, 193);\n}\n#section_1984107907 .section-bg-overlay {\n  background-color: rgba(255, 255, 255, 0.85);\n}\n<\/style>\n\t<\/section>\n\t\n\n\t<section class=\"section\" id=\"section_1016465504\">\n\t\t<div class=\"section-bg fill\" >\n\t\t\t\t\t\t\t\t\t<div class=\"section-bg-overlay absolute fill\"><\/div>\n\t\t\t\n\n\t\t<\/div>\n\n\t\t\n\n\t\t<div class=\"section-content relative\">\n\t\t\t\n<div class=\"row row-large align-middle\"  id=\"row-2071218356\">\n\n\t<div id=\"col-366353993\" class=\"col medium-8 small-12 large-8\"  >\n\t\t\t\t<div class=\"col-inner text-left\"  >\n\t\t\t\n\t\t\t\n<h2 class=\"uppercase\">MINERa\u00e7\u00e3o padronizada<\/h2>\n<p>Nossas plataformas t\u00eam conseguido capturar as melhores pr\u00e1ticas no Gerenciamento de grandes Projetos com seus ciclos de vida e em Gerenciamento de Contratos com todo o n\u00edvel de detalhamento associado para garantir resultados esperados, mensur\u00e1veis e verific\u00e1veis. Contribu\u00edmos com artefatos l\u00f3gicos capazes de capturar uma boa pr\u00e1tica e implement\u00e1-la como um m\u00e9todo para novos usu\u00e1rios, permitindo inclusive gerar indicadores de ader\u00eancia metodol\u00f3gica para uma melhor an\u00e1lise e gerenciamento pr\u00e1tico de Projetos e Contratos de minera\u00e7\u00e3o.<\/p>\n\t\t<\/div>\n\t\t\t\t\t<\/div>\n\n\t\n\n\t<div id=\"col-2104884659\" class=\"col medium-4 small-12 large-4\"  >\n\t\t\t\t<div class=\"col-inner\"  >\n\t\t\t\n\t\t\t\n\t<div class=\"img has-hover x md-x lg-x y md-y lg-y\" id=\"image_571709294\">\n\t\t\t\t\t\t\t\t<div class=\"img-inner dark\" >\n\t\t\t<img loading=\"lazy\" decoding=\"async\" width=\"1020\" height=\"759\" src=\"https:\/\/proactiveoffice.com\/wp-content\/uploads\/2017\/12\/De_PPM_a_Suite_Proactiveoffice-1024x762.png\" class=\"attachment-large size-large\" alt=\"\" srcset=\"https:\/\/proactiveoffice.com\/wp-content\/uploads\/2017\/12\/De_PPM_a_Suite_Proactiveoffice-1024x762.png 1024w, https:\/\/proactiveoffice.com\/wp-content\/uploads\/2017\/12\/De_PPM_a_Suite_Proactiveoffice-300x223.png 300w, https:\/\/proactiveoffice.com\/wp-content\/uploads\/2017\/12\/De_PPM_a_Suite_Proactiveoffice-768x571.png 768w, https:\/\/proactiveoffice.com\/wp-content\/uploads\/2017\/12\/De_PPM_a_Suite_Proactiveoffice.png 1063w\" sizes=\"auto, (max-width: 1020px) 100vw, 1020px\" \/>\t\t\t\t\t\t\n\t\t\t\t\t<\/div>\n\t\t\t\t\t\t\t\t\n<style>\n#image_571709294 {\n  width: 100%;\n}\n<\/style>\n\t<\/div>\n\t\n\t\t<\/div>\n\t\t\t\t\t<\/div>\n\n\t\n<\/div>\n\t\t<\/div>\n\n\t\t\n<style>\n#section_1016465504 {\n  padding-top: 30px;\n  padding-bottom: 30px;\n  background-color: rgb(255, 255, 255);\n}\n#section_1016465504 .section-bg-overlay {\n  background-color: rgba(255, 255, 255, 0.85);\n}\n<\/style>\n\t<\/section>\n\t\n\n\t<section class=\"section\" id=\"section_1532645805\">\n\t\t<div class=\"section-bg fill\" >\n\t\t\t\t\t\t\t\t\t<div class=\"section-bg-overlay absolute fill\"><\/div>\n\t\t\t\n\t<div class=\"is-border\"\n\t\tstyle=\"border-width:1px 0px 1px 0px;\">\n\t<\/div>\n\n\t\t<\/div>\n\n\t\t\n\n\t\t<div class=\"section-content relative\">\n\t\t\t\n<div class=\"row row-large align-middle\"  id=\"row-363756992\">\n\n\t<div id=\"col-725140848\" class=\"col medium-3 small-12 large-3\"  >\n\t\t\t\t<div class=\"col-inner\"  >\n\t\t\t\n\t\t\t\n\t<div class=\"img has-hover x md-x lg-x y md-y lg-y\" id=\"image_1973774298\">\n\t\t\t\t\t\t\t\t<div class=\"img-inner dark\" >\n\t\t\t<img loading=\"lazy\" decoding=\"async\" width=\"120\" height=\"70\" src=\"https:\/\/proactiveoffice.com\/wp-content\/uploads\/2018\/06\/finning-cat.png\" class=\"attachment-large size-large\" alt=\"\" \/>\t\t\t\t\t\t\n\t\t\t\t\t<\/div>\n\t\t\t\t\t\t\t\t\n<style>\n#image_1973774298 {\n  width: 100%;\n}\n<\/style>\n\t<\/div>\n\t\n\t<div class=\"img has-hover x md-x lg-x y md-y lg-y\" id=\"image_1563835194\">\n\t\t\t\t\t\t\t\t<div class=\"img-inner dark\" >\n\t\t\t\t\t\t\t\t\t\n\t\t\t\t\t<\/div>\n\t\t\t\t\t\t\t\t\n<style>\n#image_1563835194 {\n  width: 100%;\n}\n<\/style>\n\t<\/div>\n\t\n\t\t<\/div>\n\t\t\t\t\t<\/div>\n\n\t\n\n\t<div id=\"col-501805826\" class=\"col medium-9 small-12 large-9\"  >\n\t\t\t\t<div class=\"col-inner text-left\"  >\n\t\t\t\n\t\t\t\n<h2 class=\"uppercase\">FINNING CATERPILLAR<\/h2>\n<p>Um dos maiores distribuidores de produtos e servi\u00e7os para minera\u00e7\u00e3o do mundo, com mais de 12.000 pessoas trabalhando em dois continentes, utilizou nossa plataforma em sua \u00e1rea de infraestrutura para monitorar o progresso dos projetos em tempo, custo e desempenho. Sendo os mesmos inspetores t\u00e9cnicos de obra (ITO) de empresas externas que atualizam o progresso f\u00edsico de cada projeto deixando a quest\u00e3o or\u00e7ament\u00e1ria nas m\u00e3os dos gerentes de projeto de Finning. Isso permitiu centralizar todo o portf\u00f3lio de projetos e dar \u00e0 alta ger\u00eancia uma vis\u00e3o macro do progresso da mesma.<\/p>\n\t\t<\/div>\n\t\t\t\t\t<\/div>\n\n\t\n<\/div>\n\t\t<\/div>\n\n\t\t\n<style>\n#section_1532645805 {\n  padding-top: 30px;\n  padding-bottom: 30px;\n  background-color: rgb(193, 193, 193);\n}\n#section_1532645805 .section-bg-overlay {\n  background-color: rgba(255, 255, 255, 0.85);\n}\n<\/style>\n\t<\/section>\n\t\n\n\t<section class=\"section\" id=\"section_1495881139\">\n\t\t<div class=\"section-bg fill\" >\n\t\t\t\t\t\t\t\t\t<div class=\"section-bg-overlay absolute fill\"><\/div>\n\t\t\t\n\n\t\t<\/div>\n\n\t\t\n\n\t\t<div class=\"section-content relative\">\n\t\t\t\n<div class=\"row row-large align-middle\"  id=\"row-497922836\">\n\n\t<div id=\"col-2053327962\" class=\"col medium-8 small-12 large-8\"  >\n\t\t\t\t<div class=\"col-inner text-left\"  >\n\t\t\t\n\t\t\t\n<h2 class=\"uppercase\">K\u00dcPFER<\/h2>\n<p>Prestigiada empresa fornecedora da \u00e1rea de minera\u00e7\u00e3o e \u00e1rea industrial implementou o Proactiveoffice para gerenciar e controlar seus projetos nas diferentes \u00e1reas de neg\u00f3cio, permitindo a intera\u00e7\u00e3o dos participantes nos projetos em todo o Chile.<\/p>\n\t\t<\/div>\n\t\t\t\t\t<\/div>\n\n\t\n\n\t<div id=\"col-428070282\" class=\"col medium-4 small-12 large-4\"  >\n\t\t\t\t<div class=\"col-inner\"  >\n\t\t\t\n\t\t\t\n\t<div class=\"img has-hover x md-x lg-x y md-y lg-y\" id=\"image_1658395224\">\n\t\t\t\t\t\t\t\t<div class=\"img-inner dark\" >\n\t\t\t<img loading=\"lazy\" decoding=\"async\" width=\"960\" height=\"560\" src=\"https:\/\/proactiveoffice.com\/wp-content\/uploads\/2018\/06\/kupfer.png\" class=\"attachment-large size-large\" alt=\"\" srcset=\"https:\/\/proactiveoffice.com\/wp-content\/uploads\/2018\/06\/kupfer.png 960w, https:\/\/proactiveoffice.com\/wp-content\/uploads\/2018\/06\/kupfer-300x175.png 300w, https:\/\/proactiveoffice.com\/wp-content\/uploads\/2018\/06\/kupfer-768x448.png 768w\" sizes=\"auto, (max-width: 960px) 100vw, 960px\" \/>\t\t\t\t\t\t\n\t\t\t\t\t<\/div>\n\t\t\t\t\t\t\t\t\n<style>\n#image_1658395224 {\n  width: 100%;\n}\n<\/style>\n\t<\/div>\n\t\n\t\t<\/div>\n\t\t\t\t\t<\/div>\n\n\t\n<\/div>\n\t\t<\/div>\n\n\t\t\n<style>\n#section_1495881139 {\n  padding-top: 30px;\n  padding-bottom: 30px;\n  background-color: rgb(255, 255, 255);\n}\n#section_1495881139 .section-bg-overlay {\n  background-color: rgba(255, 255, 255, 0.85);\n}\n<\/style>\n\t<\/section>\n\t\n\n\t<section class=\"section\" id=\"section_1946353814\">\n\t\t<div class=\"section-bg fill\" >\n\t\t\t\t\t\t\t\t\t<div class=\"section-bg-overlay absolute fill\"><\/div>\n\t\t\t\n\t<div class=\"is-border\"\n\t\tstyle=\"border-width:1px 0px 1px 0px;\">\n\t<\/div>\n\n\t\t<\/div>\n\n\t\t\n\n\t\t<div class=\"section-content relative\">\n\t\t\t\n<div class=\"row row-large align-middle\"  id=\"row-2009880031\">\n\n\t<div id=\"col-1751721502\" class=\"col medium-3 small-12 large-3\"  >\n\t\t\t\t<div class=\"col-inner\"  >\n\t\t\t\n\t\t\t\n\t<div class=\"img has-hover x md-x lg-x y md-y lg-y\" id=\"image_1016461788\">\n\t\t\t\t\t\t\t\t<div class=\"img-inner dark\" >\n\t\t\t<img loading=\"lazy\" decoding=\"async\" width=\"229\" height=\"94\" src=\"https:\/\/proactiveoffice.com\/wp-content\/uploads\/2018\/06\/logo_drillco.png\" class=\"attachment-large size-large\" alt=\"\" \/>\t\t\t\t\t\t\n\t\t\t\t\t<\/div>\n\t\t\t\t\t\t\t\t\n<style>\n#image_1016461788 {\n  width: 100%;\n}\n<\/style>\n\t<\/div>\n\t\n\t<div class=\"img has-hover x md-x lg-x y md-y lg-y\" id=\"image_1761878931\">\n\t\t\t\t\t\t\t\t<div class=\"img-inner dark\" >\n\t\t\t\t\t\t\t\t\t\n\t\t\t\t\t<\/div>\n\t\t\t\t\t\t\t\t\n<style>\n#image_1761878931 {\n  width: 100%;\n}\n<\/style>\n\t<\/div>\n\t\n\t\t<\/div>\n\t\t\t\t\t<\/div>\n\n\t\n\n\t<div id=\"col-924687798\" class=\"col medium-9 small-12 large-9\"  >\n\t\t\t\t<div class=\"col-inner text-left\"  >\n\t\t\t\n\t\t\t\n<h2 class=\"uppercase\">DRILLCO TOOLS<\/h2>\n<p>Empresa Chilena pioneira na \u00e1rea de engenharia de ferramentas de perfura\u00e7\u00e3o para minera\u00e7\u00e3o. Utiliza o ProactiveOffice para gerenciar seus projetos estrat\u00e9gicos ricos em Inova\u00e7\u00e3o, caracter\u00edstica que se manifesta nesta empresa atrav\u00e9s de seus produtos utilizados na minera\u00e7\u00e3o chilena e mundial. Gra\u00e7as \u00e0 nossa plataforma, a Drillco tem uma vis\u00e3o centralizada de seu portf\u00f3lio de projetos, enriquecida com boas pr\u00e1ticas e padroniza\u00e7\u00e3o no gerenciamento de cada um de seus projetos.<\/p>\n\t\t<\/div>\n\t\t\t\t\t<\/div>\n\n\t\n<\/div>\n\t\t<\/div>\n\n\t\t\n<style>\n#section_1946353814 {\n  padding-top: 30px;\n  padding-bottom: 30px;\n  background-color: rgb(193, 193, 193);\n}\n#section_1946353814 .section-bg-overlay {\n  background-color: rgba(255, 255, 255, 0.85);\n}\n<\/style>\n\t<\/section>\n\t\n\n  <div class=\"banner has-hover has-parallax\" id=\"banner-1896917007\">\n          <div class=\"banner-inner fill\">\n        <div class=\"banner-bg fill\" data-parallax=\"-1\" data-parallax-container=\".banner\" data-parallax-background>\n            <img loading=\"lazy\" decoding=\"async\" width=\"990\" height=\"660\" src=\"https:\/\/proactiveoffice.com\/wp-content\/uploads\/2018\/07\/hero_img_1.jpg\" class=\"bg attachment-large size-large\" alt=\"\" \/>                        <div class=\"overlay\"><\/div>            \n                    <\/div>\n\t\t\n        <div class=\"banner-layers container\">\n            <div class=\"fill banner-link\"><\/div>            \n\n   <div id=\"text-box-539006894\" class=\"text-box banner-layer x50 md-x50 lg-x50 y50 md-y50 lg-y50 res-text\">\n                                <div class=\"text-box-content text dark\">\n              \n              <div class=\"text-inner text-center\">\n                  \n\n\t<div id=\"gap-1082019462\" class=\"gap-element clearfix\" style=\"display:block; height:auto;\">\n\t\t\n<style>\n#gap-1082019462 {\n  padding-top: 10px;\n}\n<\/style>\n\t<\/div>\n\t\n\n<p class=\"uppercase\"><span style=\"font-size: 12.96px;\"><b>\u00bfEst\u00e1s listo para conocer ProactiveOffice?<\/b><\/span><\/p>\n<h2><strong>Solicite su Demo<\/strong><\/h2>\n<p><span style=\"font-size: 95%;\">Para empresas que poseen 10 o m\u00e1s proyectos o contratos activos;<br \/>\nProactiveOffice ofrece una demostraci\u00f3n por 20 d\u00edas para consolidar, visualizar y asumir el control de su portafolio.<br \/><\/span><\/p>\n\t<div id=\"gap-1458442221\" class=\"gap-element clearfix\" style=\"display:block; height:auto;\">\n\t\t\n<style>\n#gap-1458442221 {\n  padding-top: 10px;\n}\n<\/style>\n\t<\/div>\n\t\n\n<a href=\"http:\/\/www.proactiveoffice.com\/solicitud\/demo.html\" class=\"button secondary\" >\n\t\t<span>DEMO<\/span>\n\t<\/a>\n\n\n\n              <\/div>\n           <\/div>\n                            \n<style>\n#text-box-539006894 {\n  width: 85%;\n}\n#text-box-539006894 .text-box-content {\n  font-size: 100%;\n}\n@media (min-width:550px) {\n  #text-box-539006894 {\n    width: 67%;\n  }\n}\n@media (min-width:850px) {\n  #text-box-539006894 {\n    width: 51%;\n  }\n}\n<\/style>\n    <\/div>\n \n\n        <\/div>\n      <\/div>\n\n            \n<style>\n#banner-1896917007 {\n  padding-top: 330px;\n}\n#banner-1896917007 .overlay {\n  background-color: rgba(0, 0, 0, 0.74);\n}\n#banner-1896917007 .banner-bg img {\n  object-position: 7% 64%;\n}\n@media (min-width:550px) {\n  #banner-1896917007 {\n    padding-top: 400px;\n  }\n}\n<\/style>\n  <\/div>\n\n\n","protected":false},"excerpt":{"rendered":"","protected":false},"author":8,"featured_media":0,"parent":5345,"menu_order":0,"comment_status":"closed","ping_status":"closed","template":"page-blank.php","meta":{"footnotes":""},"class_list":["post-5371","page","type-page","status-publish","hentry"],"yoast_head":"<!-- This site is optimized with the Yoast SEO plugin v27.4 - https:\/\/yoast.com\/product\/yoast-seo-wordpress\/ -->\n<title>Minera\u00e7\u00e3o - ProactiveOffice.com<\/title>\n<meta name=\"robots\" content=\"index, follow, max-snippet:-1, max-image-preview:large, max-video-preview:-1\" \/>\n<link rel=\"canonical\" href=\"https:\/\/proactiveoffice.com\/pt-br\/experiencias\/mineracao\/\" \/>\n<meta property=\"og:locale\" content=\"pt_BR\" \/>\n<meta property=\"og:type\" content=\"article\" \/>\n<meta property=\"og:title\" content=\"Minera\u00e7\u00e3o - ProactiveOffice.com\" \/>\n<meta property=\"og:url\" content=\"https:\/\/proactiveoffice.com\/pt-br\/experiencias\/mineracao\/\" \/>\n<meta property=\"og:site_name\" content=\"ProactiveOffice.com\" \/>\n<meta name=\"twitter:card\" content=\"summary_large_image\" \/>\n<meta name=\"twitter:label1\" content=\"Est. tempo de leitura\" \/>\n\t<meta name=\"twitter:data1\" content=\"4 minutos\" \/>\n<script type=\"application\/ld+json\" class=\"yoast-schema-graph\">{\"@context\":\"https:\\\/\\\/schema.org\",\"@graph\":[{\"@type\":\"WebPage\",\"@id\":\"https:\\\/\\\/proactiveoffice.com\\\/pt-br\\\/experiencias\\\/mineracao\\\/\",\"url\":\"https:\\\/\\\/proactiveoffice.com\\\/pt-br\\\/experiencias\\\/mineracao\\\/\",\"name\":\"Minera\u00e7\u00e3o - ProactiveOffice.com\",\"isPartOf\":{\"@id\":\"https:\\\/\\\/proactiveoffice.com\\\/#website\"},\"datePublished\":\"2018-09-12T22:23:09+00:00\",\"breadcrumb\":{\"@id\":\"https:\\\/\\\/proactiveoffice.com\\\/pt-br\\\/experiencias\\\/mineracao\\\/#breadcrumb\"},\"inLanguage\":\"pt-BR\",\"potentialAction\":[{\"@type\":\"ReadAction\",\"target\":[\"https:\\\/\\\/proactiveoffice.com\\\/pt-br\\\/experiencias\\\/mineracao\\\/\"]}]},{\"@type\":\"BreadcrumbList\",\"@id\":\"https:\\\/\\\/proactiveoffice.com\\\/pt-br\\\/experiencias\\\/mineracao\\\/#breadcrumb\",\"itemListElement\":[{\"@type\":\"ListItem\",\"position\":1,\"name\":\"Home\",\"item\":\"https:\\\/\\\/proactiveoffice.com\\\/pt-br\\\/\"},{\"@type\":\"ListItem\",\"position\":2,\"name\":\"Experi\u00eancias\",\"item\":\"https:\\\/\\\/proactiveoffice.com\\\/pt-br\\\/experiencias\\\/\"},{\"@type\":\"ListItem\",\"position\":3,\"name\":\"Minera\u00e7\u00e3o\"}]},{\"@type\":\"WebSite\",\"@id\":\"https:\\\/\\\/proactiveoffice.com\\\/#website\",\"url\":\"https:\\\/\\\/proactiveoffice.com\\\/\",\"name\":\"ProactiveOffice.com\",\"description\":\"El m\u00e1s simple y adaptable software de gesti\u00f3n de proyectos on-line, que provee eficiencia y proactividad a iniciativas, proyectos y contratos.\",\"potentialAction\":[{\"@type\":\"SearchAction\",\"target\":{\"@type\":\"EntryPoint\",\"urlTemplate\":\"https:\\\/\\\/proactiveoffice.com\\\/?s={search_term_string}\"},\"query-input\":{\"@type\":\"PropertyValueSpecification\",\"valueRequired\":true,\"valueName\":\"search_term_string\"}}],\"inLanguage\":\"pt-BR\"}]}<\/script>\n<!-- \/ Yoast SEO plugin. -->","yoast_head_json":{"title":"Minera\u00e7\u00e3o - ProactiveOffice.com","robots":{"index":"index","follow":"follow","max-snippet":"max-snippet:-1","max-image-preview":"max-image-preview:large","max-video-preview":"max-video-preview:-1"},"canonical":"https:\/\/proactiveoffice.com\/pt-br\/experiencias\/mineracao\/","og_locale":"pt_BR","og_type":"article","og_title":"Minera\u00e7\u00e3o - ProactiveOffice.com","og_url":"https:\/\/proactiveoffice.com\/pt-br\/experiencias\/mineracao\/","og_site_name":"ProactiveOffice.com","twitter_card":"summary_large_image","twitter_misc":{"Est. tempo de leitura":"4 minutos"},"schema":{"@context":"https:\/\/schema.org","@graph":[{"@type":"WebPage","@id":"https:\/\/proactiveoffice.com\/pt-br\/experiencias\/mineracao\/","url":"https:\/\/proactiveoffice.com\/pt-br\/experiencias\/mineracao\/","name":"Minera\u00e7\u00e3o - ProactiveOffice.com","isPartOf":{"@id":"https:\/\/proactiveoffice.com\/#website"},"datePublished":"2018-09-12T22:23:09+00:00","breadcrumb":{"@id":"https:\/\/proactiveoffice.com\/pt-br\/experiencias\/mineracao\/#breadcrumb"},"inLanguage":"pt-BR","potentialAction":[{"@type":"ReadAction","target":["https:\/\/proactiveoffice.com\/pt-br\/experiencias\/mineracao\/"]}]},{"@type":"BreadcrumbList","@id":"https:\/\/proactiveoffice.com\/pt-br\/experiencias\/mineracao\/#breadcrumb","itemListElement":[{"@type":"ListItem","position":1,"name":"Home","item":"https:\/\/proactiveoffice.com\/pt-br\/"},{"@type":"ListItem","position":2,"name":"Experi\u00eancias","item":"https:\/\/proactiveoffice.com\/pt-br\/experiencias\/"},{"@type":"ListItem","position":3,"name":"Minera\u00e7\u00e3o"}]},{"@type":"WebSite","@id":"https:\/\/proactiveoffice.com\/#website","url":"https:\/\/proactiveoffice.com\/","name":"ProactiveOffice.com","description":"El m\u00e1s simple y adaptable software de gesti\u00f3n de proyectos on-line, que provee eficiencia y proactividad a iniciativas, proyectos y contratos.","potentialAction":[{"@type":"SearchAction","target":{"@type":"EntryPoint","urlTemplate":"https:\/\/proactiveoffice.com\/?s={search_term_string}"},"query-input":{"@type":"PropertyValueSpecification","valueRequired":true,"valueName":"search_term_string"}}],"inLanguage":"pt-BR"}]}},"_links":{"self":[{"href":"https:\/\/proactiveoffice.com\/pt-br\/wp-json\/wp\/v2\/pages\/5371","targetHints":{"allow":["GET"]}}],"collection":[{"href":"https:\/\/proactiveoffice.com\/pt-br\/wp-json\/wp\/v2\/pages"}],"about":[{"href":"https:\/\/proactiveoffice.com\/pt-br\/wp-json\/wp\/v2\/types\/page"}],"author":[{"embeddable":true,"href":"https:\/\/proactiveoffice.com\/pt-br\/wp-json\/wp\/v2\/users\/8"}],"replies":[{"embeddable":true,"href":"https:\/\/proactiveoffice.com\/pt-br\/wp-json\/wp\/v2\/comments?post=5371"}],"version-history":[{"count":1,"href":"https:\/\/proactiveoffice.com\/pt-br\/wp-json\/wp\/v2\/pages\/5371\/revisions"}],"predecessor-version":[{"id":5372,"href":"https:\/\/proactiveoffice.com\/pt-br\/wp-json\/wp\/v2\/pages\/5371\/revisions\/5372"}],"up":[{"embeddable":true,"href":"https:\/\/proactiveoffice.com\/pt-br\/wp-json\/wp\/v2\/pages\/5345"}],"wp:attachment":[{"href":"https:\/\/proactiveoffice.com\/pt-br\/wp-json\/wp\/v2\/media?parent=5371"}],"curies":[{"name":"wp","href":"https:\/\/api.w.org\/{rel}","templated":true}]}}