{"id":5486,"date":"2018-10-10T17:16:49","date_gmt":"2018-10-10T21:16:49","guid":{"rendered":"https:\/\/proactiveoffice.com\/politica-de-privacidad\/"},"modified":"2018-10-10T17:35:40","modified_gmt":"2018-10-10T21:35:40","slug":"politica-de-privacidade","status":"publish","type":"page","link":"https:\/\/proactiveoffice.com\/pt-br\/politica-de-privacidade\/","title":{"rendered":"Pol\u00edtica de Privacidade"},"content":{"rendered":"\n  <div class=\"banner has-hover\" id=\"banner-823236518\">\n          <div class=\"banner-inner fill\">\n        <div class=\"banner-bg fill\" >\n            <img loading=\"lazy\" decoding=\"async\" width=\"1020\" height=\"392\" src=\"https:\/\/proactiveoffice.com\/wp-content\/uploads\/2018\/10\/privacy_policy-1024x394.jpg\" class=\"bg attachment-large size-large\" alt=\"\" \/>                        <div class=\"overlay\"><\/div>            \n                    <\/div>\n\t\t\n        <div class=\"banner-layers container\">\n            <div class=\"fill banner-link\"><\/div>            \n   <div id=\"text-box-95651613\" class=\"text-box banner-layer x50 md-x50 lg-x50 y50 md-y50 lg-y50 res-text\">\n                                <div class=\"text-box-content text dark\">\n              \n              <div class=\"text-inner text-center\">\n                  \n<h3 class=\"uppercase\"><strong>Pol\u00edtica de privacidade<br \/>\n<\/strong><\/h3>\n              <\/div>\n           <\/div>\n                            \n<style>\n#text-box-95651613 {\n  width: 60%;\n}\n#text-box-95651613 .text-box-content {\n  font-size: 100%;\n}\n<\/style>\n    <\/div>\n \n        <\/div>\n      <\/div>\n\n            \n<style>\n#banner-823236518 {\n  padding-top: 163px;\n}\n#banner-823236518 .overlay {\n  background-color: rgba(0, 0, 0, 0.62);\n}\n#banner-823236518 .banner-bg img {\n  object-position: 74% 43%;\n}\n<\/style>\n  <\/div>\n\n\n\n\t<section class=\"section\" id=\"section_1865095345\">\n\t\t<div class=\"section-bg fill\" >\n\t\t\t\t\t\t\t\t\t\n\t\t\t\n\n\t\t<\/div>\n\n\t\t\n\n\t\t<div class=\"section-content relative\">\n\t\t\t\n<div class=\"row\"  id=\"row-440237263\">\n\n\t<div id=\"col-429148585\" class=\"col small-12 large-12\"  >\n\t\t\t\t<div class=\"col-inner\"  >\n\t\t\t\n\t\t\t\n<div style=\"text-align: justify;\">\n<p>Esta Pol\u00edtica de Privacidade estabelece os termos em que o ProactiveOffice usa e protege as informa\u00e7\u00f5es fornecidas por seus usu\u00e1rios ao usar seu site. Esta empresa est\u00e1 comprometida com a seguran\u00e7a dos dados de seus usu\u00e1rios. Quando pedimos que voc\u00ea preencha os campos de informa\u00e7\u00f5es pessoais com as quais voc\u00ea pode ser identificado, fazemos isso garantindo que eles sejam usados \u200b\u200bapenas de acordo com os termos deste documento. No entanto, esta Pol\u00edtica de Privacidade pode mudar ao longo do tempo ou ser atualizada para o que recomendamos e n\u00f3s encorajamos voc\u00ea a rever esta p\u00e1gina continuamente para garantir que voc\u00ea concorda com essas mudan\u00e7as.<\/p>\n<hr \/>\n<h3>Informa\u00e7\u00f5es coletadas<\/h3>\n<p>Nosso site pode coletar informa\u00e7\u00f5es pessoais, tais como: Nome, informa\u00e7\u00f5es de contato, como seu endere\u00e7o de e-mail e informa\u00e7\u00f5es demogr\u00e1ficas. Al\u00e9m disso, quando necess\u00e1rio, informa\u00e7\u00f5es espec\u00edficas podem ser necess\u00e1rias para processar um pedido ou fazer uma entrega ou um faturamento.<\/p>\n<h3>Uso das informa\u00e7\u00f5es coletadas<\/h3>\n<p>Nosso site usa as informa\u00e7\u00f5es para fornecer o melhor servi\u00e7o poss\u00edvel, especialmente para manter um registro de usu\u00e1rios, pedidos, se aplic\u00e1vel, e melhorar nossos produtos e servi\u00e7os. Voc\u00ea pode ser enviado e-mails periodicamente atrav\u00e9s do nosso site com ofertas especiais, novos produtos e outras informa\u00e7\u00f5es consideradas relevantes para voc\u00ea ou podem fornecer algum benef\u00edcio, esses e-mails ser\u00e3o enviados para o endere\u00e7o fornecido, e pode ser cancelada em qualquer momento.<\/p>\n<p>O ProactiveOffice est\u00e1 altamente comprometido em cumprir o compromisso de manter suas informa\u00e7\u00f5es seguras. Usamos os sistemas mais avan\u00e7ados e os atualizamos constantemente para garantir que n\u00e3o haja acesso n\u00e3o autorizado.<\/p>\n<h3>Cookies<\/h3>\n<p>Um cookie \u00e9 um arquivo que \u00e9 enviado para solicitar permiss\u00e3o para ser armazenado no seu computador, ao aceitar o arquivo \u00e9 criado e o cookie \u00e9 ent\u00e3o usado para obter informa\u00e7\u00f5es sobre o tr\u00e1fego na web, e tamb\u00e9m facilita futuras visitas a um web recorrente Outra fun\u00e7\u00e3o que os cookies t\u00eam \u00e9 que, com eles, a web pode reconhec\u00ea-lo individualmente e, portanto, fornecer o melhor servi\u00e7o personalizado em seu site.<\/p>\n<p>Nosso site usa cookies para identificar as p\u00e1ginas visitadas e sua frequ\u00eancia. Esta informa\u00e7\u00e3o \u00e9 usada apenas para an\u00e1lise estat\u00edstica e, em seguida, a informa\u00e7\u00e3o \u00e9 permanentemente exclu\u00edda. Voc\u00ea pode excluir cookies a qualquer momento do seu computador. No entanto, os cookies ajudam a fornecer um melhor servi\u00e7o para sites, voc\u00ea n\u00e3o d\u00e1 acesso \u00e0s informa\u00e7\u00f5es do seu computador ou a voc\u00ea, a menos que voc\u00ea queira e forne\u00e7a diretamente, visitas a um site. Voc\u00ea pode aceitar ou negar o uso de cookies, no entanto, a maioria dos navegadores aceita cookies automaticamente, pois serve para ter um servi\u00e7o da web melhor. Voc\u00ea tamb\u00e9m pode alterar a configura\u00e7\u00e3o do seu computador para recusar os cookies. Se eles recusarem, talvez voc\u00ea n\u00e3o consiga usar alguns de nossos servi\u00e7os.<\/p>\n<h3>Links para Terceiros<\/h3>\n<p>Este site pode conter links para outros sites que podem ser do seu interesse. Uma vez que voc\u00ea clicar nesses links e deixar o nosso site e n\u00e3o tem controle sobre o site que \u00e9 redirecionada e, portanto, n\u00e3o s\u00e3o respons\u00e1veis \u200b\u200bpor os termos ou privacidade ou prote\u00e7\u00e3o de seus dados em outros sites terceiros. Estes sites est\u00e3o sujeitos \u00e0s suas pr\u00f3prias pol\u00edticas de privacidade, por isso \u00e9 aconselh\u00e1vel consult\u00e1-los para confirmar que voc\u00ea concorda com eles.<\/p>\n<h3>Controle de suas informa\u00e7\u00f5es pessoais<\/h3>\n<p>A qualquer momento, voc\u00ea pode restringir a coleta ou uso de informa\u00e7\u00f5es pessoais fornecidas ao nosso site. Sempre que voc\u00ea for solicitado a preencher um formul\u00e1rio, como o formul\u00e1rio de registro do usu\u00e1rio, poder\u00e1 marcar ou desmarcar a op\u00e7\u00e3o de receber informa\u00e7\u00f5es por email. Caso tenha marcado a op\u00e7\u00e3o de receber nossa newsletter ou publicidade, voc\u00ea pode cancel\u00e1-la a qualquer momento.<\/p>\n<p>Esta empresa n\u00e3o ir\u00e1 vender, atribuir ou distribuir informa\u00e7\u00f5es pessoais que sejam coletadas sem o seu consentimento, a menos que exigido por um juiz com uma ordem judicial.<\/p>\n<p>O ProactiveOffice reserva-se o direito de alterar os termos desta Pol\u00edtica de Privacidade a qualquer momento.<\/p>\n<\/div>\n\t\t<\/div>\n\t\t\t\t\t<\/div>\n\n\t\n<\/div>\n\t\t<\/div>\n\n\t\t\n<style>\n#section_1865095345 {\n  padding-top: 30px;\n  padding-bottom: 30px;\n}\n<\/style>\n\t<\/section>\n\t\n","protected":false},"excerpt":{"rendered":"","protected":false},"author":2,"featured_media":0,"parent":0,"menu_order":0,"comment_status":"closed","ping_status":"closed","template":"page-blank.php","meta":{"footnotes":""},"class_list":["post-5486","page","type-page","status-publish","hentry"],"yoast_head":"<!-- This site is optimized with the Yoast SEO plugin v27.3 - https:\/\/yoast.com\/product\/yoast-seo-wordpress\/ -->\n<title>Pol\u00edtica de Privacidade - ProactiveOffice.com<\/title>\n<meta name=\"robots\" content=\"index, follow, max-snippet:-1, max-image-preview:large, max-video-preview:-1\" \/>\n<link rel=\"canonical\" href=\"https:\/\/proactiveoffice.com\/pt-br\/politica-de-privacidade\/\" \/>\n<meta property=\"og:locale\" content=\"pt_BR\" \/>\n<meta property=\"og:type\" content=\"article\" \/>\n<meta property=\"og:title\" content=\"Pol\u00edtica de Privacidade - ProactiveOffice.com\" \/>\n<meta property=\"og:url\" content=\"https:\/\/proactiveoffice.com\/pt-br\/politica-de-privacidade\/\" \/>\n<meta property=\"og:site_name\" content=\"ProactiveOffice.com\" \/>\n<meta property=\"article:modified_time\" content=\"2018-10-10T21:35:40+00:00\" \/>\n<meta name=\"twitter:card\" content=\"summary_large_image\" \/>\n<meta name=\"twitter:label1\" content=\"Est. tempo de leitura\" \/>\n\t<meta name=\"twitter:data1\" content=\"4 minutos\" \/>\n<script type=\"application\/ld+json\" class=\"yoast-schema-graph\">{\"@context\":\"https:\\\/\\\/schema.org\",\"@graph\":[{\"@type\":\"WebPage\",\"@id\":\"https:\\\/\\\/proactiveoffice.com\\\/pt-br\\\/politica-de-privacidade\\\/\",\"url\":\"https:\\\/\\\/proactiveoffice.com\\\/pt-br\\\/politica-de-privacidade\\\/\",\"name\":\"Pol\u00edtica de Privacidade - ProactiveOffice.com\",\"isPartOf\":{\"@id\":\"https:\\\/\\\/proactiveoffice.com\\\/#website\"},\"datePublished\":\"2018-10-10T21:16:49+00:00\",\"dateModified\":\"2018-10-10T21:35:40+00:00\",\"breadcrumb\":{\"@id\":\"https:\\\/\\\/proactiveoffice.com\\\/pt-br\\\/politica-de-privacidade\\\/#breadcrumb\"},\"inLanguage\":\"pt-BR\",\"potentialAction\":[{\"@type\":\"ReadAction\",\"target\":[\"https:\\\/\\\/proactiveoffice.com\\\/pt-br\\\/politica-de-privacidade\\\/\"]}]},{\"@type\":\"BreadcrumbList\",\"@id\":\"https:\\\/\\\/proactiveoffice.com\\\/pt-br\\\/politica-de-privacidade\\\/#breadcrumb\",\"itemListElement\":[{\"@type\":\"ListItem\",\"position\":1,\"name\":\"Home\",\"item\":\"https:\\\/\\\/proactiveoffice.com\\\/pt-br\\\/\"},{\"@type\":\"ListItem\",\"position\":2,\"name\":\"Pol\u00edtica de Privacidade\"}]},{\"@type\":\"WebSite\",\"@id\":\"https:\\\/\\\/proactiveoffice.com\\\/#website\",\"url\":\"https:\\\/\\\/proactiveoffice.com\\\/\",\"name\":\"ProactiveOffice.com\",\"description\":\"El m\u00e1s simple y adaptable software de gesti\u00f3n de proyectos on-line, que provee eficiencia y proactividad a iniciativas, proyectos y contratos.\",\"potentialAction\":[{\"@type\":\"SearchAction\",\"target\":{\"@type\":\"EntryPoint\",\"urlTemplate\":\"https:\\\/\\\/proactiveoffice.com\\\/?s={search_term_string}\"},\"query-input\":{\"@type\":\"PropertyValueSpecification\",\"valueRequired\":true,\"valueName\":\"search_term_string\"}}],\"inLanguage\":\"pt-BR\"}]}<\/script>\n<!-- \/ Yoast SEO plugin. -->","yoast_head_json":{"title":"Pol\u00edtica de Privacidade - ProactiveOffice.com","robots":{"index":"index","follow":"follow","max-snippet":"max-snippet:-1","max-image-preview":"max-image-preview:large","max-video-preview":"max-video-preview:-1"},"canonical":"https:\/\/proactiveoffice.com\/pt-br\/politica-de-privacidade\/","og_locale":"pt_BR","og_type":"article","og_title":"Pol\u00edtica de Privacidade - ProactiveOffice.com","og_url":"https:\/\/proactiveoffice.com\/pt-br\/politica-de-privacidade\/","og_site_name":"ProactiveOffice.com","article_modified_time":"2018-10-10T21:35:40+00:00","twitter_card":"summary_large_image","twitter_misc":{"Est. tempo de leitura":"4 minutos"},"schema":{"@context":"https:\/\/schema.org","@graph":[{"@type":"WebPage","@id":"https:\/\/proactiveoffice.com\/pt-br\/politica-de-privacidade\/","url":"https:\/\/proactiveoffice.com\/pt-br\/politica-de-privacidade\/","name":"Pol\u00edtica de Privacidade - ProactiveOffice.com","isPartOf":{"@id":"https:\/\/proactiveoffice.com\/#website"},"datePublished":"2018-10-10T21:16:49+00:00","dateModified":"2018-10-10T21:35:40+00:00","breadcrumb":{"@id":"https:\/\/proactiveoffice.com\/pt-br\/politica-de-privacidade\/#breadcrumb"},"inLanguage":"pt-BR","potentialAction":[{"@type":"ReadAction","target":["https:\/\/proactiveoffice.com\/pt-br\/politica-de-privacidade\/"]}]},{"@type":"BreadcrumbList","@id":"https:\/\/proactiveoffice.com\/pt-br\/politica-de-privacidade\/#breadcrumb","itemListElement":[{"@type":"ListItem","position":1,"name":"Home","item":"https:\/\/proactiveoffice.com\/pt-br\/"},{"@type":"ListItem","position":2,"name":"Pol\u00edtica de Privacidade"}]},{"@type":"WebSite","@id":"https:\/\/proactiveoffice.com\/#website","url":"https:\/\/proactiveoffice.com\/","name":"ProactiveOffice.com","description":"El m\u00e1s simple y adaptable software de gesti\u00f3n de proyectos on-line, que provee eficiencia y proactividad a iniciativas, proyectos y contratos.","potentialAction":[{"@type":"SearchAction","target":{"@type":"EntryPoint","urlTemplate":"https:\/\/proactiveoffice.com\/?s={search_term_string}"},"query-input":{"@type":"PropertyValueSpecification","valueRequired":true,"valueName":"search_term_string"}}],"inLanguage":"pt-BR"}]}},"_links":{"self":[{"href":"https:\/\/proactiveoffice.com\/pt-br\/wp-json\/wp\/v2\/pages\/5486","targetHints":{"allow":["GET"]}}],"collection":[{"href":"https:\/\/proactiveoffice.com\/pt-br\/wp-json\/wp\/v2\/pages"}],"about":[{"href":"https:\/\/proactiveoffice.com\/pt-br\/wp-json\/wp\/v2\/types\/page"}],"author":[{"embeddable":true,"href":"https:\/\/proactiveoffice.com\/pt-br\/wp-json\/wp\/v2\/users\/2"}],"replies":[{"embeddable":true,"href":"https:\/\/proactiveoffice.com\/pt-br\/wp-json\/wp\/v2\/comments?post=5486"}],"version-history":[{"count":2,"href":"https:\/\/proactiveoffice.com\/pt-br\/wp-json\/wp\/v2\/pages\/5486\/revisions"}],"predecessor-version":[{"id":5490,"href":"https:\/\/proactiveoffice.com\/pt-br\/wp-json\/wp\/v2\/pages\/5486\/revisions\/5490"}],"wp:attachment":[{"href":"https:\/\/proactiveoffice.com\/pt-br\/wp-json\/wp\/v2\/media?parent=5486"}],"curies":[{"name":"wp","href":"https:\/\/api.w.org\/{rel}","templated":true}]}}